{"id":1643,"date":"2021-05-11T11:38:31","date_gmt":"2021-05-11T16:38:31","guid":{"rendered":"https:\/\/martina-zimmerbauer.com\/?page_id=1643"},"modified":"2026-03-05T15:24:13","modified_gmt":"2026-03-05T20:24:13","slug":"workshops","status":"publish","type":"page","link":"https:\/\/martina-zimmerbauer.com\/de\/workshops\/","title":{"rendered":"Workshops"},"content":{"rendered":"<div style=\"height:40px\" aria-hidden=\"true\" class=\"wp-block-spacer\"><\/div>\n\n\n\n<h2 class=\"wp-block-heading has-text-align-center has-text-color\" style=\"color:#d7b671\">Lerne die ThetaHealing\u00ae Technik<\/h2>\n\n\n\n<div style=\"height:40px\" aria-hidden=\"true\" class=\"wp-block-spacer\"><\/div>\n\n\n\n<p class=\"has-text-align-center\">Beginne deine Reise, um die Kraft in dir selbst zu entdecken und dein Leben auf mentaler, emotionaler, spiritueller und k\u00f6rperlicher Ebene mit der ThetaHealing-Technik von Innen nach Au\u00dfen zum Besseren zu ver\u00e4ndern.<\/p>\n\n\n\n<div style=\"height:40px\" aria-hidden=\"true\" class=\"wp-block-spacer\"><\/div>\n\n\n\n<div class=\"wp-block-media-text alignwide is-stacked-on-mobile\"><figure class=\"wp-block-media-text__media\"><img loading=\"lazy\" decoding=\"async\" width=\"700\" height=\"700\" src=\"https:\/\/martina-zimmerbauer.com\/wp-content\/uploads\/Martina-Zimmerbauer-ThetaHealing-Basic-DNA-Seminar-Bocas-Del-Toro-Oct-2023.jpg\" alt=\"Spiritual Development &amp; Energy Healing Bocas del Toro\" class=\"wp-image-4468 size-full\" srcset=\"https:\/\/martina-zimmerbauer.com\/wp-content\/uploads\/Martina-Zimmerbauer-ThetaHealing-Basic-DNA-Seminar-Bocas-Del-Toro-Oct-2023.jpg 700w, https:\/\/martina-zimmerbauer.com\/wp-content\/uploads\/Martina-Zimmerbauer-ThetaHealing-Basic-DNA-Seminar-Bocas-Del-Toro-Oct-2023-300x300.jpg 300w, https:\/\/martina-zimmerbauer.com\/wp-content\/uploads\/Martina-Zimmerbauer-ThetaHealing-Basic-DNA-Seminar-Bocas-Del-Toro-Oct-2023-150x150.jpg 150w, https:\/\/martina-zimmerbauer.com\/wp-content\/uploads\/Martina-Zimmerbauer-ThetaHealing-Basic-DNA-Seminar-Bocas-Del-Toro-Oct-2023-12x12.jpg 12w, https:\/\/martina-zimmerbauer.com\/wp-content\/uploads\/Martina-Zimmerbauer-ThetaHealing-Basic-DNA-Seminar-Bocas-Del-Toro-Oct-2023-400x400.jpg 400w\" sizes=\"auto, (max-width: 700px) 100vw, 700px\" \/><\/figure><div class=\"wp-block-media-text__content\">\n<h3 class=\"wp-block-heading has-text-align-center has-text-color\" style=\"color:#d7b671\">ThetaHealing\u00ae Basis DNA<\/h3>\n\n\n\n<div style=\"height:20px\" aria-hidden=\"true\" class=\"wp-block-spacer\"><\/div>\n\n\n\n<p class=\"has-text-align-center\">26. - 28. Juli 2026<br>Fr 12-20h, Sa+So 9-17h ET<br>Online<br><br>Lerne die ThetaHealing Technik als dein pers\u00f6nliches energetisches Selbst-Coaching Tool.<br><br>Investition in dich: $490<\/p>\n\n\n\n<div style=\"height:20px\" aria-hidden=\"true\" class=\"wp-block-spacer\"><\/div>\n\n\n\n<div class=\"wp-block-buttons is-horizontal is-content-justification-center is-layout-flex wp-container-core-buttons-is-layout-499968f5 wp-block-buttons-is-layout-flex\">\n<div class=\"wp-block-button\"><a class=\"wp-block-button__link wp-element-button\" href=\"https:\/\/martina-zimmerbauer.com\/de\/contact\/\" target=\"_blank\" rel=\"noreferrer noopener\">Jetzt anmelden<\/a><\/div>\n<\/div>\n\n\n\n<p><\/p>\n<\/div><\/div>\n\n\n\n<div style=\"height:20px\" aria-hidden=\"true\" class=\"wp-block-spacer\"><\/div>\n\n\n\n<h3 class=\"wp-block-heading has-text-color\" style=\"color:#d7b671\">Was du lernen wirst<\/h3>\n\n\n\n<div style=\"height:20px\" aria-hidden=\"true\" class=\"wp-block-spacer\"><\/div>\n\n\n\n<ul class=\"wp-block-list\">\n<li>Energetisch zu arbeiten und dich mit einer h\u00f6heren Kraft zu verbinden<\/li>\n\n\n\n<li>ThetaHealing Meditationstechnik, um in einen Theta-Zustand zu gelangen<\/li>\n\n\n\n<li>Entdecke die Kraft deiner Intuition und entwickle deine intuitiven Sinne<\/li>\n\n\n\n<li>Readings und Scannen von Energiefeldern<\/li>\n\n\n\n<li>ThetaHealing Fragetechnik zum Finden &amp; Ver\u00e4ndern von limitierenden Glaubenss\u00e4tzen<\/li>\n\n\n\n<li>L\u00f6sen von energetischen Blockaden und Umprogrammierung deines Unterbewusstseins<\/li>\n\n\n\n<li>R\u00fcckholung deiner Seelenfragmente <\/li>\n\n\n\n<li>Manifestation deiner wildesten Tr\u00e4ume<\/li>\n\n\n\n<li>Und vieles mehr...<\/li>\n<\/ul>\n\n\n\n<div style=\"height:20px\" aria-hidden=\"true\" class=\"wp-block-spacer\"><\/div>\n\n\n\n<p>Jeder kann ThetaHealing lernen. Keine Vorkenntnisse notwendig. Lerne mehr \u00fcber die <a href=\"https:\/\/martina-zimmerbauer.com\/de\/thetahealing\/\" target=\"_blank\" rel=\"noreferrer noopener\">ThetaHealing Technik<\/a>.<\/p>\n\n\n\n<div style=\"height:10px\" aria-hidden=\"true\" class=\"wp-block-spacer\"><\/div>\n\n\n\n<h3 class=\"wp-block-heading has-text-color\" style=\"color:#d7b671\">Was ist im Kurspreis enthalten<\/h3>\n\n\n\n<ul class=\"wp-block-list\">\n<li>Das offizielle ThetaHealing Buch von Vianna Stibal<\/li>\n\n\n\n<li>Das Basis DNA Kurshandbuch<\/li>\n\n\n\n<li>70% praktische \u00dcbungen und Anwendungen<\/li>\n\n\n\n<li>Zertifikat<\/li>\n\n\n\n<li>Snacks und Wasser<\/li>\n<\/ul>\n\n\n\n<div style=\"height:30px\" aria-hidden=\"true\" class=\"wp-block-spacer\"><\/div>\n\n\n\n<div class=\"wp-block-buttons is-content-justification-center is-layout-flex wp-container-core-buttons-is-layout-16018d1d wp-block-buttons-is-layout-flex\">\n<div class=\"wp-block-button\"><a class=\"wp-block-button__link has-text-align-center wp-element-button\" href=\"https:\/\/martina-zimmerbauer.com\/de\/contact\/\" target=\"_blank\" rel=\"noreferrer noopener\">Jetzt registrieren<\/a><\/div>\n<\/div>\n\n\n\n<div style=\"height:40px\" aria-hidden=\"true\" class=\"wp-block-spacer\"><\/div>\n\n\n\n<h3 class=\"wp-block-heading has-text-color has-link-color wp-elements-54ff705d73492926d4243004962b7f6a\" style=\"color:#d7b671\">Warum ich ThetaHealing lehre<\/h3>\n\n\n\n<p>ThetaHealing hat mir nicht nur geholfen, pers\u00f6nliche und emotionale Herausforderungen zu l\u00f6sen, mich spirituell weiterzuentwickeln und zu wachsen, sondern auch Ungleichgewichte auf k\u00f6rperlicher Ebene f\u00fcr mich selbst, meiner Familie, Freunde und Kunden zu beseitigen.<\/p>\n\n\n\n<p>Ich w\u00fcnsche mir, dass jeder, der sein Selbst st\u00e4rken, Heilung und Wachstum erleben, und sein Leben positiv ver\u00e4ndern m\u00f6chte, jederzeit und \u00fcberall ein solch kraftvolles Tool zur Verf\u00fcgung hat, um sich die Gesundheit, Freude und Erf\u00fcllung zu erschaffen, die er verdient.<\/p>\n\n\n\n<div style=\"height:40px\" aria-hidden=\"true\" class=\"wp-block-spacer\"><\/div>\n\n\n\n<h3 class=\"wp-block-heading has-text-color\" style=\"color:#d7b671\">Was Kursteilnehmer sagen<\/h3>\n\n\n\n<div style=\"height:20px\" aria-hidden=\"true\" class=\"wp-block-spacer\"><\/div>\n\n\n\n<div class=\"wp-block-columns is-layout-flex wp-container-core-columns-is-layout-9d6595d7 wp-block-columns-is-layout-flex\">\n<div class=\"wp-block-column is-layout-flow wp-block-column-is-layout-flow\">\n<blockquote class=\"wp-block-quote is-layout-flow wp-block-quote-is-layout-flow\">\n<p>Ich empfehle Martina gerne f\u00fcr ihre ThetaHealing-Sitzungen sowie f\u00fcr ihre F\u00e4higkeiten als Ausbilderin. Ich erkannte, wie kraftvoll ThetaHealing ist, als ich die erste Sitzung mit Martina machte, in der ich eine starke Befreiung von tief verwurzelten Glaubenss\u00e4tzen sp\u00fcrte, von denen ich nicht wusste, dass sie mich in einem sehr praktischen Aspekt meines Lebens beeintr\u00e4chtigten. Ihre profunde F\u00fchrung und ihr Verst\u00e4ndnis des Unterbewusstseins gaben mir das Gef\u00fchl, sicher genug zu sein, um diese \u00dcberzeugungen loszulassen und den Wunsch zu haben, den Kurs zu machen. Ich bin f\u00fcr immer dankbar, dass ich sie getroffen habe. Nathalie Lozano<\/p>\n<\/blockquote>\n\n\n\n<blockquote class=\"wp-block-quote is-layout-flow wp-block-quote-is-layout-flow\">\n<p>Alte Glaubenss\u00e4tze und Verhaltensmuster zu \u00e4ndern und die Realit\u00e4t zu manifestieren, die du schon immer leben wolltest, wird nach diesem einen Kurs zu deiner t\u00e4glichen Routine. Der Kurs selbst gibt dir alle Werkzeuge an die Hand, die du brauchst, um zu meditieren, dich mit der Quelle zu verbinden und sofort mit der Heilarbeit zu beginnen. Martina ist eine gro\u00dfartige Vermittlerin und macht die ganze Erfahrung angenehm und lustig. Dieser Kurs ist es auf jeden Fall wert und wird deine Sichtweise auf das Leben ver\u00e4ndern und dir mehr Eigenverantwortung f\u00fcr deine eigene Zukunft geben. Du kannst wirklich das Leben leben, das du immer wolltest. Es ist nur einen Kurs entfernt. Jos\u00e9 Luis V\u00e9lez, Yoga Lehrer<\/p>\n<\/blockquote>\n<\/div>\n\n\n\n<div class=\"wp-block-column is-layout-flow wp-block-column-is-layout-flow\">\n<blockquote class=\"wp-block-quote is-layout-flow wp-block-quote-is-layout-flow\">\n<p>Ich hatte die Gelegenheit, den Basis DNA Kurs mit Martina zu besuchen und ich muss sagen, dass es eine sehr transformierende Erfahrung war. Martina ist eine erfahrene und qualifizierte Ausbildnerin, die ein tiefes Verst\u00e4ndnis der ThetaHealing-Technik hat. W\u00e4hrend des Workshops lernten wir die Technik, wie wir durch gef\u00fchrte Meditationen und Visualisierung den Theta-Zustand erreichen k\u00f6nnen. Wir lernten auch \u00fcber die Kraft unseres Unterbewusstseins und wie wir ThetaHealing nutzen k\u00f6nnen, um die Wurzeln unserer \u00dcberzeugungen und Muster zu finden und sie umzuprogrammieren, um unsere Ziele zu erreichen und ein erf\u00fcllteres Leben zu f\u00fchren. Der Workshop war sehr interaktiv und experimentell, was mir geholfen hat, die Technik auf einer tiefen Ebene zu verstehen. Ich hatte die M\u00f6glichkeit, mit mir selbst und anderen zu \u00fcben, was unglaublich ermutigend war und mir erlaubte, die Kraft von ThetaHealing aus erster Hand zu erleben. Insgesamt kann ich den ThetaHealing Basis DNA Workshop jedem empfehlen, der sein Leben ver\u00e4ndern und seine Ziele erreichen m\u00f6chte. Martina war unglaublich hilfsbereit und hat einen sicheren Raum geschaffen, in dem wir uns entfalten und wachsen konnten. Ich verlie\u00df den Workshop mit Gef\u00fchlen von Selbsterm\u00e4chtigung, Inspiration und der Motivation, das Gelernte in meinem t\u00e4glichen Leben anzuwenden. Vielen Dank f\u00fcr diese tolle Erfahrung! Petra Heussler, Fempreneur<\/p>\n<\/blockquote>\n<\/div>\n<\/div>\n\n\n\n<div style=\"height:40px\" aria-hidden=\"true\" class=\"wp-block-spacer\"><\/div>\n\n\n\n<p><em>Rechtlicher Hinweis: ThetaHealing\u00ae ist eine spirituelle Heilmethode zur Aktivierung der Selbstheilungskr\u00e4fte. ThetaHealing wird immer in Verbindung mit der Schulmedizin gelehrt. Es ersetzt nicht die Diagnose und Behandlung durch einen Arzt. F\u00fcr eventuelle Folgen der Behandlung wird keine Haftung \u00fcbernommen.<\/em><\/p>\n\n\n\n<div style=\"height:40px\" aria-hidden=\"true\" class=\"wp-block-spacer\"><\/div>","protected":false},"excerpt":{"rendered":"<p>Learn the ThetaHealing\u00ae technique Start your journey to discover the power within yourself and change<a class=\"read-more\" href=\"https:\/\/martina-zimmerbauer.com\/de\/workshops\/\"\/>Continue reading<\/a><\/p>","protected":false},"author":1,"featured_media":3970,"parent":0,"menu_order":0,"comment_status":"closed","ping_status":"closed","template":"page-templates\/template_banner.php","meta":{"footnotes":""},"class_list":["post-1643","page","type-page","status-publish","has-post-thumbnail","hentry"],"yoast_head":"<!-- This site is optimized with the Yoast SEO plugin v27.1.1 - https:\/\/yoast.com\/product\/yoast-seo-wordpress\/ -->\n<title>Workshops - Martina Zimmerbauer<\/title>\n<meta name=\"description\" content=\"Start your journey to discover the power within yourself and change your life for the better with the ThetaHealing\u00ae technique.\" \/>\n<meta name=\"robots\" content=\"index, follow, max-snippet:-1, max-image-preview:large, max-video-preview:-1\" \/>\n<link rel=\"canonical\" href=\"https:\/\/martina-zimmerbauer.com\/de\/workshops\/\" \/>\n<meta property=\"og:locale\" content=\"de_DE\" \/>\n<meta property=\"og:type\" content=\"article\" \/>\n<meta property=\"og:title\" content=\"Workshops - Martina Zimmerbauer\" \/>\n<meta property=\"og:description\" content=\"Start your journey to discover the power within yourself and change your life for the better with the ThetaHealing\u00ae technique.\" \/>\n<meta property=\"og:url\" content=\"https:\/\/martina-zimmerbauer.com\/de\/workshops\/\" \/>\n<meta property=\"og:site_name\" content=\"Martina Zimmerbauer\" \/>\n<meta property=\"article:publisher\" content=\"https:\/\/www.facebook.com\/m.zimmerbauer\" \/>\n<meta property=\"article:modified_time\" content=\"2026-03-05T20:24:13+00:00\" \/>\n<meta property=\"og:image\" content=\"https:\/\/martina-zimmerbauer.com\/wp-content\/uploads\/Martina-Zimmerbauer-ThetaHealing.jpeg\" \/>\n\t<meta property=\"og:image:width\" content=\"1976\" \/>\n\t<meta property=\"og:image:height\" content=\"1000\" \/>\n\t<meta property=\"og:image:type\" content=\"image\/jpeg\" \/>\n<meta name=\"twitter:card\" content=\"summary_large_image\" \/>\n<script type=\"application\/ld+json\" class=\"yoast-schema-graph\">{\"@context\":\"https:\/\/schema.org\",\"@graph\":[{\"@type\":\"WebPage\",\"@id\":\"https:\/\/martina-zimmerbauer.com\/workshops\/\",\"url\":\"https:\/\/martina-zimmerbauer.com\/workshops\/\",\"name\":\"Workshops - Martina Zimmerbauer\",\"isPartOf\":{\"@id\":\"https:\/\/martina-zimmerbauer.com\/#website\"},\"primaryImageOfPage\":{\"@id\":\"https:\/\/martina-zimmerbauer.com\/workshops\/#primaryimage\"},\"image\":{\"@id\":\"https:\/\/martina-zimmerbauer.com\/workshops\/#primaryimage\"},\"thumbnailUrl\":\"https:\/\/martina-zimmerbauer.com\/wp-content\/uploads\/Martina-Zimmerbauer-ThetaHealing.jpeg\",\"datePublished\":\"2021-05-11T16:38:31+00:00\",\"dateModified\":\"2026-03-05T20:24:13+00:00\",\"description\":\"Start your journey to discover the power within yourself and change your life for the better with the ThetaHealing\u00ae technique.\",\"breadcrumb\":{\"@id\":\"https:\/\/martina-zimmerbauer.com\/workshops\/#breadcrumb\"},\"inLanguage\":\"de\",\"potentialAction\":[{\"@type\":\"ReadAction\",\"target\":[\"https:\/\/martina-zimmerbauer.com\/workshops\/\"]}]},{\"@type\":\"ImageObject\",\"inLanguage\":\"de\",\"@id\":\"https:\/\/martina-zimmerbauer.com\/workshops\/#primaryimage\",\"url\":\"https:\/\/martina-zimmerbauer.com\/wp-content\/uploads\/Martina-Zimmerbauer-ThetaHealing.jpeg\",\"contentUrl\":\"https:\/\/martina-zimmerbauer.com\/wp-content\/uploads\/Martina-Zimmerbauer-ThetaHealing.jpeg\",\"width\":1976,\"height\":1000,\"caption\":\"Learn the ThetaHealing technique\"},{\"@type\":\"BreadcrumbList\",\"@id\":\"https:\/\/martina-zimmerbauer.com\/workshops\/#breadcrumb\",\"itemListElement\":[{\"@type\":\"ListItem\",\"position\":1,\"name\":\"Home\",\"item\":\"https:\/\/martina-zimmerbauer.com\/\"},{\"@type\":\"ListItem\",\"position\":2,\"name\":\"Workshops\"}]},{\"@type\":\"WebSite\",\"@id\":\"https:\/\/martina-zimmerbauer.com\/#website\",\"url\":\"https:\/\/martina-zimmerbauer.com\/\",\"name\":\"Martina Zimmerbauer\",\"description\":\"Spiritual Coach | Energy Healer\",\"potentialAction\":[{\"@type\":\"SearchAction\",\"target\":{\"@type\":\"EntryPoint\",\"urlTemplate\":\"https:\/\/martina-zimmerbauer.com\/?s={search_term_string}\"},\"query-input\":{\"@type\":\"PropertyValueSpecification\",\"valueRequired\":true,\"valueName\":\"search_term_string\"}}],\"inLanguage\":\"de\"}]}<\/script>\n<!-- \/ Yoast SEO plugin. -->","yoast_head_json":{"title":"Workshops - Martina Zimmerbauer","description":"Start your journey to discover the power within yourself and change your life for the better with the ThetaHealing\u00ae technique.","robots":{"index":"index","follow":"follow","max-snippet":"max-snippet:-1","max-image-preview":"max-image-preview:large","max-video-preview":"max-video-preview:-1"},"canonical":"https:\/\/martina-zimmerbauer.com\/de\/workshops\/","og_locale":"de_DE","og_type":"article","og_title":"Workshops - Martina Zimmerbauer","og_description":"Start your journey to discover the power within yourself and change your life for the better with the ThetaHealing\u00ae technique.","og_url":"https:\/\/martina-zimmerbauer.com\/de\/workshops\/","og_site_name":"Martina Zimmerbauer","article_publisher":"https:\/\/www.facebook.com\/m.zimmerbauer","article_modified_time":"2026-03-05T20:24:13+00:00","og_image":[{"width":1976,"height":1000,"url":"https:\/\/martina-zimmerbauer.com\/wp-content\/uploads\/Martina-Zimmerbauer-ThetaHealing.jpeg","type":"image\/jpeg"}],"twitter_card":"summary_large_image","schema":{"@context":"https:\/\/schema.org","@graph":[{"@type":"WebPage","@id":"https:\/\/martina-zimmerbauer.com\/workshops\/","url":"https:\/\/martina-zimmerbauer.com\/workshops\/","name":"Workshops - Martina Zimmerbauer","isPartOf":{"@id":"https:\/\/martina-zimmerbauer.com\/#website"},"primaryImageOfPage":{"@id":"https:\/\/martina-zimmerbauer.com\/workshops\/#primaryimage"},"image":{"@id":"https:\/\/martina-zimmerbauer.com\/workshops\/#primaryimage"},"thumbnailUrl":"https:\/\/martina-zimmerbauer.com\/wp-content\/uploads\/Martina-Zimmerbauer-ThetaHealing.jpeg","datePublished":"2021-05-11T16:38:31+00:00","dateModified":"2026-03-05T20:24:13+00:00","description":"Start your journey to discover the power within yourself and change your life for the better with the ThetaHealing\u00ae technique.","breadcrumb":{"@id":"https:\/\/martina-zimmerbauer.com\/workshops\/#breadcrumb"},"inLanguage":"de","potentialAction":[{"@type":"ReadAction","target":["https:\/\/martina-zimmerbauer.com\/workshops\/"]}]},{"@type":"ImageObject","inLanguage":"de","@id":"https:\/\/martina-zimmerbauer.com\/workshops\/#primaryimage","url":"https:\/\/martina-zimmerbauer.com\/wp-content\/uploads\/Martina-Zimmerbauer-ThetaHealing.jpeg","contentUrl":"https:\/\/martina-zimmerbauer.com\/wp-content\/uploads\/Martina-Zimmerbauer-ThetaHealing.jpeg","width":1976,"height":1000,"caption":"Learn the ThetaHealing technique"},{"@type":"BreadcrumbList","@id":"https:\/\/martina-zimmerbauer.com\/workshops\/#breadcrumb","itemListElement":[{"@type":"ListItem","position":1,"name":"Home","item":"https:\/\/martina-zimmerbauer.com\/"},{"@type":"ListItem","position":2,"name":"Workshops"}]},{"@type":"WebSite","@id":"https:\/\/martina-zimmerbauer.com\/#website","url":"https:\/\/martina-zimmerbauer.com\/","name":"Martina Zimmerbauer","description":"Spiritual Coach | Energy Healer","potentialAction":[{"@type":"SearchAction","target":{"@type":"EntryPoint","urlTemplate":"https:\/\/martina-zimmerbauer.com\/?s={search_term_string}"},"query-input":{"@type":"PropertyValueSpecification","valueRequired":true,"valueName":"search_term_string"}}],"inLanguage":"de"}]}},"_links":{"self":[{"href":"https:\/\/martina-zimmerbauer.com\/de\/wp-json\/wp\/v2\/pages\/1643","targetHints":{"allow":["GET"]}}],"collection":[{"href":"https:\/\/martina-zimmerbauer.com\/de\/wp-json\/wp\/v2\/pages"}],"about":[{"href":"https:\/\/martina-zimmerbauer.com\/de\/wp-json\/wp\/v2\/types\/page"}],"author":[{"embeddable":true,"href":"https:\/\/martina-zimmerbauer.com\/de\/wp-json\/wp\/v2\/users\/1"}],"replies":[{"embeddable":true,"href":"https:\/\/martina-zimmerbauer.com\/de\/wp-json\/wp\/v2\/comments?post=1643"}],"version-history":[{"count":225,"href":"https:\/\/martina-zimmerbauer.com\/de\/wp-json\/wp\/v2\/pages\/1643\/revisions"}],"predecessor-version":[{"id":4846,"href":"https:\/\/martina-zimmerbauer.com\/de\/wp-json\/wp\/v2\/pages\/1643\/revisions\/4846"}],"wp:featuredmedia":[{"embeddable":true,"href":"https:\/\/martina-zimmerbauer.com\/de\/wp-json\/wp\/v2\/media\/3970"}],"wp:attachment":[{"href":"https:\/\/martina-zimmerbauer.com\/de\/wp-json\/wp\/v2\/media?parent=1643"}],"curies":[{"name":"wp","href":"https:\/\/api.w.org\/{rel}","templated":true}]}}