{"id":23,"date":"2020-09-01T11:57:48","date_gmt":"2020-09-01T09:57:48","guid":{"rendered":"http:\/\/martina-zimmerbauer.com\/?page_id=23"},"modified":"2023-08-25T11:12:38","modified_gmt":"2023-08-25T16:12:38","slug":"contact","status":"publish","type":"page","link":"https:\/\/martina-zimmerbauer.com\/de\/contact\/","title":{"rendered":"Kontakt"},"content":{"rendered":"<div style=\"height:40px\" aria-hidden=\"true\" class=\"wp-block-spacer\"><\/div>\n\n\n\n<h2 class=\"wp-block-heading has-text-align-center has-text-color\" style=\"color:#d7b671\">Ich freue mich dich kennenzulernen.<\/h2>\n\n\n\n<div style=\"height:40px\" aria-hidden=\"true\" class=\"wp-block-spacer\"><\/div>\n\n\n\n<p class=\"has-text-align-center\">Um eine 1:1 ThetaHealing Session, Reading, Paket oder Seminar zu buchen und f\u00fcr alle weiteren Anfragen, kontaktiere mich bitte \u00fcber das untenstehende Kontaktformular. Bitte erz\u00e4hle mir ein bisschen \u00fcber dich und bei welchen Themen du dich unterst\u00fctzen lassen m\u00f6chtest.<\/p>\n\n\n\n<p><\/p>\n\n\n\n<div style=\"height:40px\" aria-hidden=\"true\" class=\"wp-block-spacer\"><\/div>\n\n\n\n<div class=\"wpcf7 no-js\" id=\"wpcf7-f977-o1\" lang=\"en-US\" dir=\"ltr\" data-wpcf7-id=\"977\">\n<div class=\"screen-reader-response\"><p role=\"status\" aria-live=\"polite\" aria-atomic=\"true\"><\/p> <ul><\/ul><\/div>\n<form action=\"\/de\/wp-json\/wp\/v2\/pages\/23#wpcf7-f977-o1\" method=\"post\" class=\"wpcf7-form init\" aria-label=\"Contact form\" novalidate=\"novalidate\" data-status=\"init\" data-trp-original-action=\"\/de\/wp-json\/wp\/v2\/pages\/23#wpcf7-f977-o1\">\n<fieldset class=\"hidden-fields-container\"><input type=\"hidden\" name=\"_wpcf7\" value=\"977\" \/><input type=\"hidden\" name=\"_wpcf7_version\" value=\"6.1.5\" \/><input type=\"hidden\" name=\"_wpcf7_locale\" value=\"en_US\" \/><input type=\"hidden\" name=\"_wpcf7_unit_tag\" value=\"wpcf7-f977-o1\" \/><input type=\"hidden\" name=\"_wpcf7_container_post\" value=\"0\" \/><input type=\"hidden\" name=\"_wpcf7_posted_data_hash\" value=\"\" \/>\n<\/fieldset>\n<div id=\"two-column\">\n\t<div id=\"left\">\n\t\t<p>Vor- und Nachname*<br \/>\n<span class=\"wpcf7-form-control-wrap\" data-name=\"your-name\"><input size=\"40\" maxlength=\"400\" class=\"wpcf7-form-control wpcf7-text wpcf7-validates-as-required\" aria-required=\"true\" aria-invalid=\"false\" placeholder=\"Vor- und Nachname\" value=\"\" type=\"text\" name=\"your-name\" \/><\/span>\n\t\t<\/p>\n\t<\/div>\n\t<div id=\"right\">\n\t\t<p>EMail*<br \/>\n<span class=\"wpcf7-form-control-wrap\" data-name=\"your-email\"><input size=\"40\" maxlength=\"400\" class=\"wpcf7-form-control wpcf7-email wpcf7-validates-as-required wpcf7-text wpcf7-validates-as-email\" aria-required=\"true\" aria-invalid=\"false\" placeholder=\"Email\" value=\"\" type=\"email\" name=\"your-email\" \/><\/span>\n\t\t<\/p>\n\t<\/div>\n\t<p>Handynummer (inkl. L\u00e4ndervorwahl)*<br \/>\n<span class=\"wpcf7-form-control-wrap\" data-name=\"your-tel\"><input size=\"40\" maxlength=\"400\" class=\"wpcf7-form-control wpcf7-text wpcf7-validates-as-required\" aria-required=\"true\" aria-invalid=\"false\" placeholder=\"+1 (205) 304-4619\" value=\"\" type=\"text\" name=\"your-tel\" \/><\/span>\n\t<\/p>\n\t<p>Betreff*<br \/>\n<span class=\"wpcf7-form-control-wrap\" data-name=\"your-subject\"><input size=\"40\" maxlength=\"400\" class=\"wpcf7-form-control wpcf7-text wpcf7-validates-as-required\" aria-required=\"true\" aria-invalid=\"false\" placeholder=\"Buchung einer Session\" value=\"\" type=\"text\" name=\"your-subject\" \/><\/span>\n\t<\/p>\n\t<p>Deine Nachricht*<br \/>\n<span class=\"wpcf7-form-control-wrap\" data-name=\"your-message\"><textarea cols=\"40\" rows=\"10\" maxlength=\"500\" minlength=\"20\" class=\"wpcf7-form-control wpcf7-textarea wpcf7-validates-as-required\" aria-required=\"true\" aria-invalid=\"false\" placeholder=\"Deine Nachricht\" name=\"your-message\"><\/textarea><\/span>\n\t<\/p>\n\t<p><div id=\"cf7sr-69d76f30b2851\" class=\"cf7sr-g-recaptcha\" data-theme=\"light\" data-type=\"image\" data-size=\"normal\" data-sitekey=\"6Lfb06snAAAAAHMQ48hzO7FLyv3jJEajK0uvMMZ5\"><\/div><span class=\"wpcf7-form-control-wrap cf7sr-recaptcha\" data-name=\"cf7sr-recaptcha\"><input type=\"hidden\" name=\"cf7sr-recaptcha\" value=\"\" class=\"wpcf7-form-control\"><\/span>\n\t<\/p>\n\t<p><input class=\"wpcf7-form-control wpcf7-submit has-spinner\" type=\"submit\" value=\"Senden\" \/>\n\t<\/p>\n<\/div><p style=\"display: none !important;\" class=\"akismet-fields-container\" data-prefix=\"_wpcf7_ak_\"><label>&#916;<textarea name=\"_wpcf7_ak_hp_textarea\" cols=\"45\" rows=\"8\" maxlength=\"100\"><\/textarea><\/label><input type=\"hidden\" id=\"ak_js_1\" name=\"_wpcf7_ak_js\" value=\"30\"\/><script>document.getElementById( \"ak_js_1\" ).setAttribute( \"value\", ( new Date() ).getTime() );<\/script><\/p><div class=\"wpcf7-response-output\" aria-hidden=\"true\"><\/div>\n<input type=\"hidden\" name=\"trp-form-language\" value=\"de\"\/><\/form>\n<\/div>\n\n\n\n\n<div style=\"height:40px\" aria-hidden=\"true\" class=\"wp-block-spacer\"><\/div>\n\n\n\n<p><strong>\u00d6ffnungszeiten<\/strong><br>Montag - Freitag 9 - 18 Uhr<\/p>\n\n\n\n<div class=\"wp-block-columns is-layout-flex wp-container-core-columns-is-layout-9d6595d7 wp-block-columns-is-layout-flex\">\n<div class=\"wp-block-column is-layout-flow wp-block-column-is-layout-flow\">\n<p><\/p>\n<\/div>\n\n\n\n<div class=\"wp-block-column is-layout-flow wp-block-column-is-layout-flow\">\n<p><\/p>\n<\/div>\n<\/div>\n\n\n\n<p><\/p>\n\n\n\n<div style=\"height:40px\" aria-hidden=\"true\" class=\"wp-block-spacer\"><\/div>\n\n\n\n<div style=\"height:40px\" aria-hidden=\"true\" class=\"wp-block-spacer\"><\/div>","protected":false},"excerpt":{"rendered":"<p>I am looking forward hearing from you! To book a 1:1 Reading, Session, or Package,<a class=\"read-more\" href=\"https:\/\/martina-zimmerbauer.com\/de\/contact\/\"\/>Continue reading<\/a><\/p>","protected":false},"author":1,"featured_media":3977,"parent":0,"menu_order":0,"comment_status":"closed","ping_status":"closed","template":"page-templates\/template_banner.php","meta":{"footnotes":""},"class_list":["post-23","page","type-page","status-publish","has-post-thumbnail","hentry"],"yoast_head":"<!-- This site is optimized with the Yoast SEO plugin v27.1.1 - https:\/\/yoast.com\/product\/yoast-seo-wordpress\/ -->\n<title>Contact - Martina Zimmerbauer<\/title>\n<meta name=\"description\" content=\"To book a Coaching or ThetaHealing\u00ae session, please send me a message via the contact form. I am looking forward hearing from you!\" \/>\n<meta name=\"robots\" content=\"index, follow, max-snippet:-1, max-image-preview:large, max-video-preview:-1\" \/>\n<link rel=\"canonical\" href=\"https:\/\/martina-zimmerbauer.com\/de\/contact\/\" \/>\n<meta property=\"og:locale\" content=\"de_DE\" \/>\n<meta property=\"og:type\" content=\"article\" \/>\n<meta property=\"og:title\" content=\"Contact - Martina Zimmerbauer\" \/>\n<meta property=\"og:description\" content=\"To book a Coaching or ThetaHealing\u00ae session, please send me a message via the contact form. I am looking forward hearing from you!\" \/>\n<meta property=\"og:url\" content=\"https:\/\/martina-zimmerbauer.com\/de\/contact\/\" \/>\n<meta property=\"og:site_name\" content=\"Martina Zimmerbauer\" \/>\n<meta property=\"article:publisher\" content=\"https:\/\/www.facebook.com\/m.zimmerbauer\" \/>\n<meta property=\"article:modified_time\" content=\"2023-08-25T16:12:38+00:00\" \/>\n<meta property=\"og:image\" content=\"https:\/\/martina-zimmerbauer.com\/wp-content\/uploads\/Martina-Zimmerbauer-Spiritual-Coaching.jpg\" \/>\n\t<meta property=\"og:image:width\" content=\"2250\" \/>\n\t<meta property=\"og:image:height\" content=\"1000\" \/>\n\t<meta property=\"og:image:type\" content=\"image\/jpeg\" \/>\n<meta name=\"twitter:card\" content=\"summary_large_image\" \/>\n<script type=\"application\/ld+json\" class=\"yoast-schema-graph\">{\"@context\":\"https:\/\/schema.org\",\"@graph\":[{\"@type\":\"WebPage\",\"@id\":\"https:\/\/martina-zimmerbauer.com\/contact\/\",\"url\":\"https:\/\/martina-zimmerbauer.com\/contact\/\",\"name\":\"Contact - Martina Zimmerbauer\",\"isPartOf\":{\"@id\":\"https:\/\/martina-zimmerbauer.com\/#website\"},\"primaryImageOfPage\":{\"@id\":\"https:\/\/martina-zimmerbauer.com\/contact\/#primaryimage\"},\"image\":{\"@id\":\"https:\/\/martina-zimmerbauer.com\/contact\/#primaryimage\"},\"thumbnailUrl\":\"https:\/\/martina-zimmerbauer.com\/wp-content\/uploads\/Martina-Zimmerbauer-Spiritual-Coaching.jpg\",\"datePublished\":\"2020-09-01T09:57:48+00:00\",\"dateModified\":\"2023-08-25T16:12:38+00:00\",\"description\":\"To book a Coaching or ThetaHealing\u00ae session, please send me a message via the contact form. I am looking forward hearing from you!\",\"breadcrumb\":{\"@id\":\"https:\/\/martina-zimmerbauer.com\/contact\/#breadcrumb\"},\"inLanguage\":\"de\",\"potentialAction\":[{\"@type\":\"ReadAction\",\"target\":[\"https:\/\/martina-zimmerbauer.com\/contact\/\"]}]},{\"@type\":\"ImageObject\",\"inLanguage\":\"de\",\"@id\":\"https:\/\/martina-zimmerbauer.com\/contact\/#primaryimage\",\"url\":\"https:\/\/martina-zimmerbauer.com\/wp-content\/uploads\/Martina-Zimmerbauer-Spiritual-Coaching.jpg\",\"contentUrl\":\"https:\/\/martina-zimmerbauer.com\/wp-content\/uploads\/Martina-Zimmerbauer-Spiritual-Coaching.jpg\",\"width\":2250,\"height\":1000,\"caption\":\"Contact Me and Book a Session\"},{\"@type\":\"BreadcrumbList\",\"@id\":\"https:\/\/martina-zimmerbauer.com\/contact\/#breadcrumb\",\"itemListElement\":[{\"@type\":\"ListItem\",\"position\":1,\"name\":\"Home\",\"item\":\"https:\/\/martina-zimmerbauer.com\/\"},{\"@type\":\"ListItem\",\"position\":2,\"name\":\"Contact\"}]},{\"@type\":\"WebSite\",\"@id\":\"https:\/\/martina-zimmerbauer.com\/#website\",\"url\":\"https:\/\/martina-zimmerbauer.com\/\",\"name\":\"Martina Zimmerbauer\",\"description\":\"Spiritual Coach | Energy Healer\",\"potentialAction\":[{\"@type\":\"SearchAction\",\"target\":{\"@type\":\"EntryPoint\",\"urlTemplate\":\"https:\/\/martina-zimmerbauer.com\/?s={search_term_string}\"},\"query-input\":{\"@type\":\"PropertyValueSpecification\",\"valueRequired\":true,\"valueName\":\"search_term_string\"}}],\"inLanguage\":\"de\"}]}<\/script>\n<!-- \/ Yoast SEO plugin. -->","yoast_head_json":{"title":"Contact - Martina Zimmerbauer","description":"To book a Coaching or ThetaHealing\u00ae session, please send me a message via the contact form. I am looking forward hearing from you!","robots":{"index":"index","follow":"follow","max-snippet":"max-snippet:-1","max-image-preview":"max-image-preview:large","max-video-preview":"max-video-preview:-1"},"canonical":"https:\/\/martina-zimmerbauer.com\/de\/contact\/","og_locale":"de_DE","og_type":"article","og_title":"Contact - Martina Zimmerbauer","og_description":"To book a Coaching or ThetaHealing\u00ae session, please send me a message via the contact form. I am looking forward hearing from you!","og_url":"https:\/\/martina-zimmerbauer.com\/de\/contact\/","og_site_name":"Martina Zimmerbauer","article_publisher":"https:\/\/www.facebook.com\/m.zimmerbauer","article_modified_time":"2023-08-25T16:12:38+00:00","og_image":[{"width":2250,"height":1000,"url":"https:\/\/martina-zimmerbauer.com\/wp-content\/uploads\/Martina-Zimmerbauer-Spiritual-Coaching.jpg","type":"image\/jpeg"}],"twitter_card":"summary_large_image","schema":{"@context":"https:\/\/schema.org","@graph":[{"@type":"WebPage","@id":"https:\/\/martina-zimmerbauer.com\/contact\/","url":"https:\/\/martina-zimmerbauer.com\/contact\/","name":"Contact - Martina Zimmerbauer","isPartOf":{"@id":"https:\/\/martina-zimmerbauer.com\/#website"},"primaryImageOfPage":{"@id":"https:\/\/martina-zimmerbauer.com\/contact\/#primaryimage"},"image":{"@id":"https:\/\/martina-zimmerbauer.com\/contact\/#primaryimage"},"thumbnailUrl":"https:\/\/martina-zimmerbauer.com\/wp-content\/uploads\/Martina-Zimmerbauer-Spiritual-Coaching.jpg","datePublished":"2020-09-01T09:57:48+00:00","dateModified":"2023-08-25T16:12:38+00:00","description":"To book a Coaching or ThetaHealing\u00ae session, please send me a message via the contact form. I am looking forward hearing from you!","breadcrumb":{"@id":"https:\/\/martina-zimmerbauer.com\/contact\/#breadcrumb"},"inLanguage":"de","potentialAction":[{"@type":"ReadAction","target":["https:\/\/martina-zimmerbauer.com\/contact\/"]}]},{"@type":"ImageObject","inLanguage":"de","@id":"https:\/\/martina-zimmerbauer.com\/contact\/#primaryimage","url":"https:\/\/martina-zimmerbauer.com\/wp-content\/uploads\/Martina-Zimmerbauer-Spiritual-Coaching.jpg","contentUrl":"https:\/\/martina-zimmerbauer.com\/wp-content\/uploads\/Martina-Zimmerbauer-Spiritual-Coaching.jpg","width":2250,"height":1000,"caption":"Contact Me and Book a Session"},{"@type":"BreadcrumbList","@id":"https:\/\/martina-zimmerbauer.com\/contact\/#breadcrumb","itemListElement":[{"@type":"ListItem","position":1,"name":"Home","item":"https:\/\/martina-zimmerbauer.com\/"},{"@type":"ListItem","position":2,"name":"Contact"}]},{"@type":"WebSite","@id":"https:\/\/martina-zimmerbauer.com\/#website","url":"https:\/\/martina-zimmerbauer.com\/","name":"Martina Zimmerbauer","description":"Spiritual Coach | Energy Healer","potentialAction":[{"@type":"SearchAction","target":{"@type":"EntryPoint","urlTemplate":"https:\/\/martina-zimmerbauer.com\/?s={search_term_string}"},"query-input":{"@type":"PropertyValueSpecification","valueRequired":true,"valueName":"search_term_string"}}],"inLanguage":"de"}]}},"_links":{"self":[{"href":"https:\/\/martina-zimmerbauer.com\/de\/wp-json\/wp\/v2\/pages\/23","targetHints":{"allow":["GET"]}}],"collection":[{"href":"https:\/\/martina-zimmerbauer.com\/de\/wp-json\/wp\/v2\/pages"}],"about":[{"href":"https:\/\/martina-zimmerbauer.com\/de\/wp-json\/wp\/v2\/types\/page"}],"author":[{"embeddable":true,"href":"https:\/\/martina-zimmerbauer.com\/de\/wp-json\/wp\/v2\/users\/1"}],"replies":[{"embeddable":true,"href":"https:\/\/martina-zimmerbauer.com\/de\/wp-json\/wp\/v2\/comments?post=23"}],"version-history":[{"count":75,"href":"https:\/\/martina-zimmerbauer.com\/de\/wp-json\/wp\/v2\/pages\/23\/revisions"}],"predecessor-version":[{"id":4464,"href":"https:\/\/martina-zimmerbauer.com\/de\/wp-json\/wp\/v2\/pages\/23\/revisions\/4464"}],"wp:featuredmedia":[{"embeddable":true,"href":"https:\/\/martina-zimmerbauer.com\/de\/wp-json\/wp\/v2\/media\/3977"}],"wp:attachment":[{"href":"https:\/\/martina-zimmerbauer.com\/de\/wp-json\/wp\/v2\/media?parent=23"}],"curies":[{"name":"wp","href":"https:\/\/api.w.org\/{rel}","templated":true}]}}