{"id":2302,"date":"2022-12-02T10:32:54","date_gmt":"2022-12-02T15:32:54","guid":{"rendered":"https:\/\/martina-zimmerbauer.com\/?page_id=2302"},"modified":"2025-03-05T17:04:00","modified_gmt":"2025-03-05T22:04:00","slug":"work-with-me","status":"publish","type":"page","link":"https:\/\/martina-zimmerbauer.com\/de\/work-with-me\/","title":{"rendered":"Arbeite mit Mir"},"content":{"rendered":"<div style=\"height:40px\" aria-hidden=\"true\" class=\"wp-block-spacer\"><\/div>\n\n\n\n<h2 class=\"wp-block-heading has-text-align-center has-text-color\" id=\"astro-reading\" style=\"color:#d7b671\">Astrologie Reading<\/h2>\n\n\n\n<div style=\"height:40px\" aria-hidden=\"true\" class=\"wp-block-spacer\"><\/div>\n\n\n\n<div class=\"wp-block-media-text alignwide is-stacked-on-mobile\"><figure class=\"wp-block-media-text__media\"><img loading=\"lazy\" decoding=\"async\" width=\"900\" height=\"900\" src=\"https:\/\/martina-zimmerbauer.com\/wp-content\/uploads\/Martina-Zimmerbauer-Astro-Soul-Potential-Reading.jpg\" alt=\"Astrology Birthchart Reading\" class=\"wp-image-3921 size-full\" srcset=\"https:\/\/martina-zimmerbauer.com\/wp-content\/uploads\/Martina-Zimmerbauer-Astro-Soul-Potential-Reading.jpg 900w, https:\/\/martina-zimmerbauer.com\/wp-content\/uploads\/Martina-Zimmerbauer-Astro-Soul-Potential-Reading-300x300.jpg 300w, https:\/\/martina-zimmerbauer.com\/wp-content\/uploads\/Martina-Zimmerbauer-Astro-Soul-Potential-Reading-150x150.jpg 150w, https:\/\/martina-zimmerbauer.com\/wp-content\/uploads\/Martina-Zimmerbauer-Astro-Soul-Potential-Reading-768x768.jpg 768w, https:\/\/martina-zimmerbauer.com\/wp-content\/uploads\/Martina-Zimmerbauer-Astro-Soul-Potential-Reading-12x12.jpg 12w, https:\/\/martina-zimmerbauer.com\/wp-content\/uploads\/Martina-Zimmerbauer-Astro-Soul-Potential-Reading-400x400.jpg 400w\" sizes=\"auto, (max-width: 900px) 100vw, 900px\" \/><\/figure><div class=\"wp-block-media-text__content\">\n<h3 class=\"wp-block-heading has-text-align-center has-text-color\" style=\"color:#d7b671\">Seelenpotential Reading<\/h3>\n\n\n\n<div style=\"height:20px\" aria-hidden=\"true\" class=\"wp-block-spacer\"><\/div>\n\n\n\n<p class=\"has-text-align-center\">1 Reading basierend auf deinem Geburtshoroskop<br>via Online Video Call (Zoom)<br>90 minutes<br><br>Im Reading erforschen wir deine wahres Ich, dein Potenzial und deine Bestimmung. Es deckt besondere Pers\u00f6nlichkeitsmerkmale, deine wertvollsten Gaben und Talente, wichtige Lebenslektionen, und was deine Mission in diesem Leben ist, auf. Audiodatei ist inkludiert.<br><br> Investment in your Self: \u20ac120 ($130)<\/p>\n\n\n\n<p><\/p>\n\n\n\n<div style=\"height:20px\" aria-hidden=\"true\" class=\"wp-block-spacer\"><\/div>\n\n\n\n<div class=\"wp-block-buttons is-layout-flex wp-block-buttons-is-layout-flex\">\n<div class=\"wp-block-button aligncenter\"><a class=\"wp-block-button__link wp-element-button\" href=\"https:\/\/martina-zimmerbauer.com\/de\/contact\/\" target=\"_blank\" rel=\"noreferrer noopener\">Jetzt buchen<\/a><\/div>\n<\/div>\n<\/div><\/div>\n\n\n\n<div style=\"height:60px\" aria-hidden=\"true\" class=\"wp-block-spacer\"><\/div>\n\n\n\n<p>Es gibt keine guten oder schlechten Horoskope. Nur magische! Jedes Geburtshoroskop ist sehr pers\u00f6nlich und individuell und birgt ein unermessliches Potenzial f\u00fcr Gl\u00fcck, Wohlstand und Erf\u00fcllung auf seine ganz eigene Art und Weise.<\/p>\n\n\n\n<div style=\"height:60px\" aria-hidden=\"true\" class=\"wp-block-spacer\"><\/div>\n\n\n\n<hr class=\"wp-block-separator has-alpha-channel-opacity\"\/>\n\n\n\n<div style=\"height:20px\" aria-hidden=\"true\" class=\"wp-block-spacer\"><\/div>\n\n\n\n<h2 class=\"wp-block-heading has-text-align-center has-text-color\" id=\"thetahealing-sessions\" style=\"color:#d7b671\">1:1 ThetaHealing\u00ae Sitzungen &amp; Coaching Programme<\/h2>\n\n\n\n<div style=\"height:40px\" aria-hidden=\"true\" class=\"wp-block-spacer\"><\/div>\n\n\n\n<div class=\"wp-block-media-text alignwide is-stacked-on-mobile\"><figure class=\"wp-block-media-text__media\"><img loading=\"lazy\" decoding=\"async\" width=\"800\" height=\"800\" src=\"https:\/\/martina-zimmerbauer.com\/wp-content\/uploads\/Martina-Zimmerbauer-ThetaHealing-Deep-Dive-Session.jpg\" alt=\"Live your Soul's Full Potential Session\" class=\"wp-image-3944 size-full\" srcset=\"https:\/\/martina-zimmerbauer.com\/wp-content\/uploads\/Martina-Zimmerbauer-ThetaHealing-Deep-Dive-Session.jpg 800w, https:\/\/martina-zimmerbauer.com\/wp-content\/uploads\/Martina-Zimmerbauer-ThetaHealing-Deep-Dive-Session-300x300.jpg 300w, https:\/\/martina-zimmerbauer.com\/wp-content\/uploads\/Martina-Zimmerbauer-ThetaHealing-Deep-Dive-Session-150x150.jpg 150w, https:\/\/martina-zimmerbauer.com\/wp-content\/uploads\/Martina-Zimmerbauer-ThetaHealing-Deep-Dive-Session-768x768.jpg 768w, https:\/\/martina-zimmerbauer.com\/wp-content\/uploads\/Martina-Zimmerbauer-ThetaHealing-Deep-Dive-Session-12x12.jpg 12w, https:\/\/martina-zimmerbauer.com\/wp-content\/uploads\/Martina-Zimmerbauer-ThetaHealing-Deep-Dive-Session-400x400.jpg 400w\" sizes=\"auto, (max-width: 800px) 100vw, 800px\" \/><\/figure><div class=\"wp-block-media-text__content\">\n<h3 class=\"wp-block-heading has-text-align-center has-text-color\" style=\"color:#d7b671\">Deep Dive Session<\/h3>\n\n\n\n<div style=\"height:20px\" aria-hidden=\"true\" class=\"wp-block-spacer\"><\/div>\n\n\n\n<p class=\"has-text-align-center\">1 ThetaHealing Session <br>via Online Video Call (Zoom)<br>90 minutes<br><br>Arbeite mit mir an einem Thema deiner Wahl und wir tauchen gemeinsam in dein Unterbewusstsein, um es an der Wurzel zu transformieren. Wir kl\u00e4ren negative Energien und du erh\u00e4ltst Downloads mit hochschwingenden Gef\u00fchlen.<br><br> Investment in your Self: \u20ac120 ($130)<\/p>\n\n\n\n<p class=\"has-text-align-center\"><\/p>\n\n\n\n<div style=\"height:20px\" aria-hidden=\"true\" class=\"wp-block-spacer\"><\/div>\n\n\n\n<div class=\"wp-block-buttons is-horizontal is-content-justification-center is-layout-flex wp-container-core-buttons-is-layout-499968f5 wp-block-buttons-is-layout-flex\">\n<div class=\"wp-block-button\"><a class=\"wp-block-button__link wp-element-button\" href=\"https:\/\/martina-zimmerbauer.com\/de\/contact\/\" target=\"_blank\" rel=\"noreferrer noopener\">Jetzt buchen<\/a><\/div>\n<\/div>\n\n\n\n<p><\/p>\n<\/div><\/div>\n\n\n\n<div style=\"height:80px\" aria-hidden=\"true\" class=\"wp-block-spacer\"><\/div>\n\n\n\n<div class=\"wp-block-media-text alignwide is-stacked-on-mobile\"><figure class=\"wp-block-media-text__media\"><img loading=\"lazy\" decoding=\"async\" width=\"800\" height=\"800\" src=\"https:\/\/martina-zimmerbauer.com\/wp-content\/uploads\/Martina-Zimmerbauer-ThetaHealing-Heal-Evolve-Package.jpg\" alt=\"Live your Soul's Full Potential Session Package\" class=\"wp-image-3929 size-full\" srcset=\"https:\/\/martina-zimmerbauer.com\/wp-content\/uploads\/Martina-Zimmerbauer-ThetaHealing-Heal-Evolve-Package.jpg 800w, https:\/\/martina-zimmerbauer.com\/wp-content\/uploads\/Martina-Zimmerbauer-ThetaHealing-Heal-Evolve-Package-300x300.jpg 300w, https:\/\/martina-zimmerbauer.com\/wp-content\/uploads\/Martina-Zimmerbauer-ThetaHealing-Heal-Evolve-Package-150x150.jpg 150w, https:\/\/martina-zimmerbauer.com\/wp-content\/uploads\/Martina-Zimmerbauer-ThetaHealing-Heal-Evolve-Package-768x768.jpg 768w, https:\/\/martina-zimmerbauer.com\/wp-content\/uploads\/Martina-Zimmerbauer-ThetaHealing-Heal-Evolve-Package-12x12.jpg 12w, https:\/\/martina-zimmerbauer.com\/wp-content\/uploads\/Martina-Zimmerbauer-ThetaHealing-Heal-Evolve-Package-400x400.jpg 400w\" sizes=\"auto, (max-width: 800px) 100vw, 800px\" \/><\/figure><div class=\"wp-block-media-text__content\">\n<h3 class=\"wp-block-heading has-text-align-center has-text-color\" style=\"color:#d7b671\">Heal &amp; Evolve Paket<\/h3>\n\n\n\n<div style=\"height:20px\" aria-hidden=\"true\" class=\"wp-block-spacer\"><\/div>\n\n\n\n<p class=\"has-text-align-center\">4 ThetaHealing Sessions<br>via Online Video Call (Zoom)<br>90 minutes each<br><br>Arbeite mit mir an einer oder mehreren Themen, welche mehr Aufmerksamkeit ben\u00f6tigen und spare eine halbe Sitzung im Vergleich zu 4 Einzelsitzungen. Buche die erste Sitzung, bezahle alle 4 im Voraus und nimm den Rest nach Belieben in Anspruch.<br><br> Investment in your Self: \u20ac420 ($455)<\/p>\n\n\n\n<p class=\"has-text-align-center\"><\/p>\n\n\n\n<div style=\"height:20px\" aria-hidden=\"true\" class=\"wp-block-spacer\"><\/div>\n\n\n\n<div class=\"wp-block-buttons is-horizontal is-content-justification-center is-layout-flex wp-container-core-buttons-is-layout-499968f5 wp-block-buttons-is-layout-flex\">\n<div class=\"wp-block-button\"><a class=\"wp-block-button__link wp-element-button\" href=\"https:\/\/martina-zimmerbauer.com\/de\/contact\/\" target=\"_blank\" rel=\"noreferrer noopener\">Jetzt buchen<\/a><\/div>\n<\/div>\n\n\n\n<p><\/p>\n<\/div><\/div>\n\n\n\n<p><\/p>\n\n\n\n<div style=\"height:80px\" aria-hidden=\"true\" class=\"wp-block-spacer\"><\/div>\n\n\n\n<hr class=\"wp-block-separator has-alpha-channel-opacity\"\/>\n\n\n\n<div style=\"height:20px\" aria-hidden=\"true\" class=\"wp-block-spacer\"><\/div>\n\n\n\n<h2 class=\"wp-block-heading has-text-align-center has-text-color\" id=\"liveyourself-program\" style=\"color:#d7b671\">1:1 ma\u00dfgeschneidertes Coaching &amp; Healing Programm<\/h2>\n\n\n\n<div style=\"height:40px\" aria-hidden=\"true\" class=\"wp-block-spacer\"><\/div>\n\n\n\n<div class=\"wp-block-media-text alignwide is-stacked-on-mobile\"><figure class=\"wp-block-media-text__media\"><img loading=\"lazy\" decoding=\"async\" width=\"800\" height=\"800\" src=\"https:\/\/martina-zimmerbauer.com\/wp-content\/uploads\/Martina-Zimmerbauer-Healing-Coaching-Live-Your-Self-Program.jpg\" alt=\"Live Your Self Program\" class=\"wp-image-4320 size-full\" srcset=\"https:\/\/martina-zimmerbauer.com\/wp-content\/uploads\/Martina-Zimmerbauer-Healing-Coaching-Live-Your-Self-Program.jpg 800w, https:\/\/martina-zimmerbauer.com\/wp-content\/uploads\/Martina-Zimmerbauer-Healing-Coaching-Live-Your-Self-Program-300x300.jpg 300w, https:\/\/martina-zimmerbauer.com\/wp-content\/uploads\/Martina-Zimmerbauer-Healing-Coaching-Live-Your-Self-Program-150x150.jpg 150w, https:\/\/martina-zimmerbauer.com\/wp-content\/uploads\/Martina-Zimmerbauer-Healing-Coaching-Live-Your-Self-Program-768x768.jpg 768w, https:\/\/martina-zimmerbauer.com\/wp-content\/uploads\/Martina-Zimmerbauer-Healing-Coaching-Live-Your-Self-Program-12x12.jpg 12w, https:\/\/martina-zimmerbauer.com\/wp-content\/uploads\/Martina-Zimmerbauer-Healing-Coaching-Live-Your-Self-Program-400x400.jpg 400w\" sizes=\"auto, (max-width: 800px) 100vw, 800px\" \/><\/figure><div class=\"wp-block-media-text__content\">\n<h3 class=\"wp-block-heading has-text-align-center has-text-color\" style=\"color:#d7b671\">Live Your Self Programm<\/h3>\n\n\n\n<div style=\"height:20px\" aria-hidden=\"true\" class=\"wp-block-spacer\"><\/div>\n\n\n\n<p class=\"has-text-align-center\">12 Energetische Coaching Sessions \u00fcber 3 Monate<br>via Online Video Call (Zoom)<br>90 minutes each<\/p>\n\n\n\n<p class=\"has-text-align-center\">Ein Coaching Programm, das auf deine pers\u00f6nlichen Bed\u00fcrfnisse zugeschnitten ist, um deine Bestimmung zu finden, deine wahre Natur zu entfalten, aus deinem vollen Potential zu sch\u00f6pfen und Herausforderungen zu \u00fcberwinden, um deinem Calling mit Vertrauen und Leichtigkeit zu folgen.<br><\/p>\n\n\n\n<div style=\"height:20px\" aria-hidden=\"true\" class=\"wp-block-spacer\"><\/div>\n\n\n\n<div class=\"wp-block-buttons is-content-justification-center is-layout-flex wp-container-core-buttons-is-layout-16018d1d wp-block-buttons-is-layout-flex\">\n<div class=\"wp-block-button\"><a class=\"wp-block-button__link wp-element-button\" href=\"https:\/\/calendly.com\/martina-zimmerbauer\/30min\" target=\"_blank\" rel=\"noreferrer noopener\">Buche Kennenlern-Call<\/a><\/div>\n<\/div>\n<\/div><\/div>\n\n\n\n<div style=\"height:20px\" aria-hidden=\"true\" class=\"wp-block-spacer\"><\/div>\n\n\n\n<h4 class=\"wp-block-heading\">Programm enth\u00e4lt<\/h4>\n\n\n\n<ul class=\"wp-block-list\">\n<li><a href=\"https:\/\/martina-zimmerbauer.com\/de\/work-with-me\/#astro-reading\">1 Seelenpotential Reading<\/a> gem\u00e4\u00df deinem astrologischen Geburtshoroskop<\/li>\n\n\n\n<li><a href=\"https:\/\/martina-zimmerbauer.com\/de\/work-with-me\/#thetahealing-sessions\">11 ThetaHealing Sessions<\/a> zur L\u00f6sung von energetischen &amp; emotionalen Blockaden, Konditionierungen und limitierenden Glaubenss\u00e4tzen<\/li>\n\n\n\n<li>Mindset-Mentoring und Umprogrammierung deines Unterbewusstseins mit positiven Perspektiven<\/li>\n\n\n\n<li>Astrologische Unterst\u00fctzung und Nutzung von kosmischen Energien zu deinem Vorteil<\/li>\n\n\n\n<li>Personalisierte Tools und \u00dcbungen zur Etablierung positiver Gewohnheiten<\/li>\n\n\n\n<li>WhatsApp Voice Message Unterst\u00fctzung mit Impulsen und konstruktivem Input zwischen den Sitzungen<\/li>\n<\/ul>\n\n\n\n<div style=\"height:20px\" aria-hidden=\"true\" class=\"wp-block-spacer\"><\/div>\n\n\n\n<h4 class=\"wp-block-heading\">Nutzen &amp; Vorteile<\/h4>\n\n\n\n<ul class=\"wp-block-list\">\n<li>Bekomme ein besseres Verst\u00e4ndnis von dir selbst und <strong>wer du wirklich bist<\/strong><\/li>\n\n\n\n<li>Entdecke deine wertvollsten Gaben &amp; Talente und <strong>nutze deine Einzigartigkeit<\/strong><\/li>\n\n\n\n<li>Lasse Selbstzweifel, Unsicherheiten und \u00c4ngste los und mache Platz f\u00fcr <strong>Vertrauen und Zuversicht<\/strong><\/li>\n\n\n\n<li><strong>Erkenne deine inner Kraft<\/strong> und erlaube dir zu strahlen, anstatt dich selbst zu sabotieren <\/li>\n\n\n\n<li>Folge deinem Calling mit <strong>einem Gef\u00fchl von Leichtigkeit<\/strong> ohne etwas erzwingen oder k\u00e4mpfen zu m\u00fcssen<\/li>\n\n\n\n<li>Entfalte deine <strong>g\u00f6ttliche weibliche Energie<\/strong> und ziehe jene Erfahrungen an, die du dir w\u00fcnscht<\/li>\n\n\n\n<li>Kreiere ein Leben aus deinem <strong>Herz &amp; Intuition<\/strong> anstatt aus dem Kopf &amp; Ego<\/li>\n<\/ul>\n\n\n\n<div style=\"height:20px\" aria-hidden=\"true\" class=\"wp-block-spacer\"><\/div>\n\n\n\n<p class=\"has-text-align-center\">Buche einen kostenfreien 20-min\u00fctigen Kennenlern-Call und erfahre mehr.<\/p>\n\n\n\n<div style=\"height:20px\" aria-hidden=\"true\" class=\"wp-block-spacer\"><\/div>\n\n\n\n<div class=\"wp-block-buttons is-content-justification-center is-layout-flex wp-container-core-buttons-is-layout-16018d1d wp-block-buttons-is-layout-flex\">\n<div class=\"wp-block-button\"><a class=\"wp-block-button__link wp-element-button\" href=\"https:\/\/calendly.com\/martina-zimmerbauer\/30min\" target=\"_blank\" rel=\"noreferrer noopener\">Buche Kennenlern-Call<\/a><\/div>\n<\/div>\n\n\n\n<div style=\"height:60px\" aria-hidden=\"true\" class=\"wp-block-spacer\"><\/div>\n\n\n\n<h2 class=\"wp-block-heading has-text-color\" style=\"color:#d7b671\">Vor der Session<\/h2>\n\n\n\n<div style=\"height:20px\" aria-hidden=\"true\" class=\"wp-block-spacer\"><\/div>\n\n\n\n<ul class=\"wp-block-list\">\n<li>Die Sitzung findet \u00fcber das Online-Video-Tool Zoom statt. Bevor du bequem von deinem Lieblings-Meditationsplatz zu Hause aus an der Sitzung teilnimmst, lade bitte den Zoom Online Desktop Client herunter und installiere ihn <a href=\"https:\/\/zoom.us\/download\" target=\"_blank\" rel=\"noreferrer noopener\">hier<\/a> und habe das neueste Update verf\u00fcgbar.<\/li>\n\n\n\n<li>Du erh\u00e4lst den Link zum Zoom Call in der Buchungsbest\u00e4tigung.<\/li>\n\n\n\n<li>Bitte stelle sicher, dass du eine stabile Internetverbindung hast. Kopfh\u00f6rer sind empfehlenswert.<\/li>\n\n\n\n<li>Trinke genug Wasser, um hydriert zu sein.<\/li>\n<\/ul>\n\n\n\n<div style=\"height:40px\" aria-hidden=\"true\" class=\"wp-block-spacer\"><\/div>\n\n\n\n<h2 class=\"wp-block-heading has-text-color\" style=\"color:#d7b671\">Was Klientinnen sagen<\/h2>\n\n\n\n<div style=\"height:20px\" aria-hidden=\"true\" class=\"wp-block-spacer\"><\/div>\n\n\n\n<div class=\"wp-block-columns is-layout-flex wp-container-core-columns-is-layout-9d6595d7 wp-block-columns-is-layout-flex\">\n<div class=\"wp-block-column is-layout-flow wp-block-column-is-layout-flow\">\n<blockquote class=\"wp-block-quote is-layout-flow wp-block-quote-is-layout-flow\">\n<p>Meine Erfahrung mit Martina war wirklich unglaublich. Ich habe so etwas noch nie gemacht und ich habe das Gef\u00fchl, dass es einen Aspekt von mir gekl\u00e4rt hat, den ich seit meiner Geburt mit mir herumtrage. Ich bin \u00fcberw\u00e4ltigt. Sehr zu empfehlen. Danke, dass du deine Gabe mit uns teilst, Martina. Rachel<\/p>\n<\/blockquote>\n\n\n\n<blockquote class=\"wp-block-quote is-layout-flow wp-block-quote-is-layout-flow\">\n<p>Ich hatte eine erstaunliche Erfahrung mit Martina. Unsere Sitzung war herz- und seelen\u00f6ffnend und ich konnte vom ersten Moment an ein sofortiges Vertrauen sp\u00fcren. Ich muss noch einmal sagen, dass ich dir so sehr danke. Was f\u00fcr ein wundersch\u00f6nes Geschenk und so notwendig f\u00fcr uns Frauen, die nach Heilung suchen. Namaste. Frances<\/p>\n<\/blockquote>\n<\/div>\n\n\n\n<div class=\"wp-block-column is-layout-flow wp-block-column-is-layout-flow\">\n<blockquote class=\"wp-block-quote is-layout-flow wp-block-quote-is-layout-flow\">\n<p>Sehr empfehlenswert! Martina ist super begabt und mitf\u00fchlend bei ihren tiefen Heilsitzungen. Sie f\u00fchrte mich in eine kraftvolle Meditation, um mich mit meinem Unterbewusstsein zu verbinden. Durch behutsame Fragestellungen und Guiding half mir Martina, tief sitzende Glaubenss\u00e4tze und Emotionen zu erkennen und loszulassen, die mich in meinem Leben zur\u00fcckhielten. Ich war erstaunt, wie schnell und m\u00fchelos Martina mir helfen konnte, tief zu graben und an die Wurzel meiner Probleme zu gelangen. Ihre intuitiven F\u00e4higkeiten sind wirklich bemerkenswert, und ich f\u00fchlte mich w\u00e4hrend des gesamten Prozesses vollkommen sicher und unterst\u00fctzt. Petra Heussler, Fempreneur<\/p>\n\n\n\n<p><\/p>\n<\/blockquote>\n<\/div>\n<\/div>\n\n\n\n<div style=\"height:40px\" aria-hidden=\"true\" class=\"wp-block-spacer\"><\/div>\n\n\n\n<p><em>Rechtlicher Hinweis: ThetaHealing\u00ae ist eine spirituelle Heilmethode zur Aktivierung der Selbstheilungskr\u00e4fte. ThetaHealing wird immer in Verbindung mit der Schulmedizin gelehrt. Es ersetzt nicht die Diagnose und Behandlung durch einen Arzt. F\u00fcr eventuelle Folgen der Behandlung wird keine Haftung \u00fcbernommen.<\/em><\/p>\n\n\n\n<div style=\"height:40px\" aria-hidden=\"true\" class=\"wp-block-spacer\"><\/div>\n\n\n\n<p><\/p>","protected":false},"excerpt":{"rendered":"<p>Astrology Reading There are no good or bad charts. Only magical ones! Each birth chart<a class=\"read-more\" href=\"https:\/\/martina-zimmerbauer.com\/de\/work-with-me\/\"\/>Continue reading<\/a><\/p>","protected":false},"author":1,"featured_media":3966,"parent":0,"menu_order":0,"comment_status":"closed","ping_status":"closed","template":"page-templates\/template_banner.php","meta":{"footnotes":""},"class_list":["post-2302","page","type-page","status-publish","has-post-thumbnail","hentry"],"yoast_head":"<!-- This site is optimized with the Yoast SEO plugin v27.1.1 - https:\/\/yoast.com\/product\/yoast-seo-wordpress\/ -->\n<title>Work with Me - Martina Zimmerbauer<\/title>\n<meta name=\"description\" content=\"Harness your uniqueness, claim the power within your Self, unapologetically be you and take inspired action to follow your aspirations.\" \/>\n<meta name=\"robots\" content=\"index, follow, max-snippet:-1, max-image-preview:large, max-video-preview:-1\" \/>\n<link rel=\"canonical\" href=\"https:\/\/martina-zimmerbauer.com\/de\/work-with-me\/\" \/>\n<meta property=\"og:locale\" content=\"de_DE\" \/>\n<meta property=\"og:type\" content=\"article\" \/>\n<meta property=\"og:title\" content=\"Work with Me - Martina Zimmerbauer\" \/>\n<meta property=\"og:description\" content=\"Harness your uniqueness, claim the power within your Self, unapologetically be you and take inspired action to follow your aspirations.\" \/>\n<meta property=\"og:url\" content=\"https:\/\/martina-zimmerbauer.com\/de\/work-with-me\/\" \/>\n<meta property=\"og:site_name\" content=\"Martina Zimmerbauer\" \/>\n<meta property=\"article:publisher\" content=\"https:\/\/www.facebook.com\/m.zimmerbauer\" \/>\n<meta property=\"article:modified_time\" content=\"2025-03-05T22:04:00+00:00\" \/>\n<meta property=\"og:image\" content=\"https:\/\/martina-zimmerbauer.com\/wp-content\/uploads\/Martina-Zimmerbauer-Soul-Potential-Work-With-Me.jpg\" \/>\n\t<meta property=\"og:image:width\" content=\"1990\" \/>\n\t<meta property=\"og:image:height\" content=\"1200\" \/>\n\t<meta property=\"og:image:type\" content=\"image\/jpeg\" \/>\n<meta name=\"twitter:card\" content=\"summary_large_image\" \/>\n<script type=\"application\/ld+json\" class=\"yoast-schema-graph\">{\"@context\":\"https:\/\/schema.org\",\"@graph\":[{\"@type\":\"WebPage\",\"@id\":\"https:\/\/martina-zimmerbauer.com\/work-with-me\/\",\"url\":\"https:\/\/martina-zimmerbauer.com\/work-with-me\/\",\"name\":\"Work with Me - Martina Zimmerbauer\",\"isPartOf\":{\"@id\":\"https:\/\/martina-zimmerbauer.com\/#website\"},\"primaryImageOfPage\":{\"@id\":\"https:\/\/martina-zimmerbauer.com\/work-with-me\/#primaryimage\"},\"image\":{\"@id\":\"https:\/\/martina-zimmerbauer.com\/work-with-me\/#primaryimage\"},\"thumbnailUrl\":\"https:\/\/martina-zimmerbauer.com\/wp-content\/uploads\/Martina-Zimmerbauer-Soul-Potential-Work-With-Me.jpg\",\"datePublished\":\"2022-12-02T15:32:54+00:00\",\"dateModified\":\"2025-03-05T22:04:00+00:00\",\"description\":\"Harness your uniqueness, claim the power within your Self, unapologetically be you and take inspired action to follow your aspirations.\",\"breadcrumb\":{\"@id\":\"https:\/\/martina-zimmerbauer.com\/work-with-me\/#breadcrumb\"},\"inLanguage\":\"de\",\"potentialAction\":[{\"@type\":\"ReadAction\",\"target\":[\"https:\/\/martina-zimmerbauer.com\/work-with-me\/\"]}]},{\"@type\":\"ImageObject\",\"inLanguage\":\"de\",\"@id\":\"https:\/\/martina-zimmerbauer.com\/work-with-me\/#primaryimage\",\"url\":\"https:\/\/martina-zimmerbauer.com\/wp-content\/uploads\/Martina-Zimmerbauer-Soul-Potential-Work-With-Me.jpg\",\"contentUrl\":\"https:\/\/martina-zimmerbauer.com\/wp-content\/uploads\/Martina-Zimmerbauer-Soul-Potential-Work-With-Me.jpg\",\"width\":1990,\"height\":1200,\"caption\":\"ThetaHealing Offers\"},{\"@type\":\"BreadcrumbList\",\"@id\":\"https:\/\/martina-zimmerbauer.com\/work-with-me\/#breadcrumb\",\"itemListElement\":[{\"@type\":\"ListItem\",\"position\":1,\"name\":\"Home\",\"item\":\"https:\/\/martina-zimmerbauer.com\/\"},{\"@type\":\"ListItem\",\"position\":2,\"name\":\"Work with Me\"}]},{\"@type\":\"WebSite\",\"@id\":\"https:\/\/martina-zimmerbauer.com\/#website\",\"url\":\"https:\/\/martina-zimmerbauer.com\/\",\"name\":\"Martina Zimmerbauer\",\"description\":\"Spiritual Coach | Energy Healer\",\"potentialAction\":[{\"@type\":\"SearchAction\",\"target\":{\"@type\":\"EntryPoint\",\"urlTemplate\":\"https:\/\/martina-zimmerbauer.com\/?s={search_term_string}\"},\"query-input\":{\"@type\":\"PropertyValueSpecification\",\"valueRequired\":true,\"valueName\":\"search_term_string\"}}],\"inLanguage\":\"de\"}]}<\/script>\n<!-- \/ Yoast SEO plugin. -->","yoast_head_json":{"title":"Work with Me - Martina Zimmerbauer","description":"Harness your uniqueness, claim the power within your Self, unapologetically be you and take inspired action to follow your aspirations.","robots":{"index":"index","follow":"follow","max-snippet":"max-snippet:-1","max-image-preview":"max-image-preview:large","max-video-preview":"max-video-preview:-1"},"canonical":"https:\/\/martina-zimmerbauer.com\/de\/work-with-me\/","og_locale":"de_DE","og_type":"article","og_title":"Work with Me - Martina Zimmerbauer","og_description":"Harness your uniqueness, claim the power within your Self, unapologetically be you and take inspired action to follow your aspirations.","og_url":"https:\/\/martina-zimmerbauer.com\/de\/work-with-me\/","og_site_name":"Martina Zimmerbauer","article_publisher":"https:\/\/www.facebook.com\/m.zimmerbauer","article_modified_time":"2025-03-05T22:04:00+00:00","og_image":[{"width":1990,"height":1200,"url":"https:\/\/martina-zimmerbauer.com\/wp-content\/uploads\/Martina-Zimmerbauer-Soul-Potential-Work-With-Me.jpg","type":"image\/jpeg"}],"twitter_card":"summary_large_image","schema":{"@context":"https:\/\/schema.org","@graph":[{"@type":"WebPage","@id":"https:\/\/martina-zimmerbauer.com\/work-with-me\/","url":"https:\/\/martina-zimmerbauer.com\/work-with-me\/","name":"Work with Me - Martina Zimmerbauer","isPartOf":{"@id":"https:\/\/martina-zimmerbauer.com\/#website"},"primaryImageOfPage":{"@id":"https:\/\/martina-zimmerbauer.com\/work-with-me\/#primaryimage"},"image":{"@id":"https:\/\/martina-zimmerbauer.com\/work-with-me\/#primaryimage"},"thumbnailUrl":"https:\/\/martina-zimmerbauer.com\/wp-content\/uploads\/Martina-Zimmerbauer-Soul-Potential-Work-With-Me.jpg","datePublished":"2022-12-02T15:32:54+00:00","dateModified":"2025-03-05T22:04:00+00:00","description":"Harness your uniqueness, claim the power within your Self, unapologetically be you and take inspired action to follow your aspirations.","breadcrumb":{"@id":"https:\/\/martina-zimmerbauer.com\/work-with-me\/#breadcrumb"},"inLanguage":"de","potentialAction":[{"@type":"ReadAction","target":["https:\/\/martina-zimmerbauer.com\/work-with-me\/"]}]},{"@type":"ImageObject","inLanguage":"de","@id":"https:\/\/martina-zimmerbauer.com\/work-with-me\/#primaryimage","url":"https:\/\/martina-zimmerbauer.com\/wp-content\/uploads\/Martina-Zimmerbauer-Soul-Potential-Work-With-Me.jpg","contentUrl":"https:\/\/martina-zimmerbauer.com\/wp-content\/uploads\/Martina-Zimmerbauer-Soul-Potential-Work-With-Me.jpg","width":1990,"height":1200,"caption":"ThetaHealing Offers"},{"@type":"BreadcrumbList","@id":"https:\/\/martina-zimmerbauer.com\/work-with-me\/#breadcrumb","itemListElement":[{"@type":"ListItem","position":1,"name":"Home","item":"https:\/\/martina-zimmerbauer.com\/"},{"@type":"ListItem","position":2,"name":"Work with Me"}]},{"@type":"WebSite","@id":"https:\/\/martina-zimmerbauer.com\/#website","url":"https:\/\/martina-zimmerbauer.com\/","name":"Martina Zimmerbauer","description":"Spiritual Coach | Energy Healer","potentialAction":[{"@type":"SearchAction","target":{"@type":"EntryPoint","urlTemplate":"https:\/\/martina-zimmerbauer.com\/?s={search_term_string}"},"query-input":{"@type":"PropertyValueSpecification","valueRequired":true,"valueName":"search_term_string"}}],"inLanguage":"de"}]}},"_links":{"self":[{"href":"https:\/\/martina-zimmerbauer.com\/de\/wp-json\/wp\/v2\/pages\/2302","targetHints":{"allow":["GET"]}}],"collection":[{"href":"https:\/\/martina-zimmerbauer.com\/de\/wp-json\/wp\/v2\/pages"}],"about":[{"href":"https:\/\/martina-zimmerbauer.com\/de\/wp-json\/wp\/v2\/types\/page"}],"author":[{"embeddable":true,"href":"https:\/\/martina-zimmerbauer.com\/de\/wp-json\/wp\/v2\/users\/1"}],"replies":[{"embeddable":true,"href":"https:\/\/martina-zimmerbauer.com\/de\/wp-json\/wp\/v2\/comments?post=2302"}],"version-history":[{"count":240,"href":"https:\/\/martina-zimmerbauer.com\/de\/wp-json\/wp\/v2\/pages\/2302\/revisions"}],"predecessor-version":[{"id":4835,"href":"https:\/\/martina-zimmerbauer.com\/de\/wp-json\/wp\/v2\/pages\/2302\/revisions\/4835"}],"wp:featuredmedia":[{"embeddable":true,"href":"https:\/\/martina-zimmerbauer.com\/de\/wp-json\/wp\/v2\/media\/3966"}],"wp:attachment":[{"href":"https:\/\/martina-zimmerbauer.com\/de\/wp-json\/wp\/v2\/media?parent=2302"}],"curies":[{"name":"wp","href":"https:\/\/api.w.org\/{rel}","templated":true}]}}