{"id":307,"date":"2020-09-09T17:15:57","date_gmt":"2020-09-09T15:15:57","guid":{"rendered":"https:\/\/martina-zimmerbauer.com\/?page_id=307"},"modified":"2026-03-05T15:21:02","modified_gmt":"2026-03-05T20:21:02","slug":"home","status":"publish","type":"page","link":"https:\/\/martina-zimmerbauer.com\/de\/","title":{"rendered":"Home"},"content":{"rendered":"<h2 class=\"wp-block-heading has-text-align-center has-text-color\" style=\"color:#d7b671\">Lebe dein volles Seelenpotential<\/h2>\n\n\n\n<div style=\"height:40px\" aria-hidden=\"true\" class=\"wp-block-spacer\"><\/div>\n\n\n\n<p class=\"has-text-align-center\">Hast du das Gef\u00fchl, dass du so viel mehr kannst und so viel mehr in dir steckt als was du derzeit der Welt zeigst? Dass du so viel mehr zu bieten hast, aber nicht wei\u00dft wie du an dieses Potential rankommst oder ausdr\u00fccken kannst? Du m\u00f6chtest deiner <strong>\"inneren Stimme<\/strong>\" folgen, aber mehr als genug Herausforderungen hindern dich daran? Oder bist du an einem Punkt in deinem Leben angelangt, an dem du dich fragst <strong>\"Wer bin ich eigentlich?\"<\/strong> und <strong>\"Was ist meine Bestimmung?\"<\/strong><\/p>\n\n\n\n<div style=\"height:20px\" aria-hidden=\"true\" class=\"wp-block-spacer\"><\/div>\n\n\n\n<div class=\"wp-block-buttons is-horizontal is-content-justification-center is-layout-flex wp-container-core-buttons-is-layout-499968f5 wp-block-buttons-is-layout-flex\">\n<div class=\"wp-block-button\"><a class=\"wp-block-button__link wp-element-button\" href=\"https:\/\/martina-zimmerbauer.com\/de\/work-with-me\/\">Arbeite mit Mir<\/a><\/div>\n<\/div>\n\n\n\n<div style=\"height:40px\" aria-hidden=\"true\" class=\"wp-block-spacer\"><\/div>\n\n\n\n<div class=\"wp-block-media-text alignwide is-stacked-on-mobile\"><figure class=\"wp-block-media-text__media\"><img loading=\"lazy\" decoding=\"async\" width=\"600\" height=\"800\" src=\"https:\/\/martina-zimmerbauer.com\/wp-content\/uploads\/Martina-Zimmerbauer-Spiritual-Coaching-Energy-Healing.jpg\" alt=\"\" class=\"wp-image-3955 size-full\" srcset=\"https:\/\/martina-zimmerbauer.com\/wp-content\/uploads\/Martina-Zimmerbauer-Spiritual-Coaching-Energy-Healing.jpg 600w, https:\/\/martina-zimmerbauer.com\/wp-content\/uploads\/Martina-Zimmerbauer-Spiritual-Coaching-Energy-Healing-225x300.jpg 225w, https:\/\/martina-zimmerbauer.com\/wp-content\/uploads\/Martina-Zimmerbauer-Spiritual-Coaching-Energy-Healing-9x12.jpg 9w, https:\/\/martina-zimmerbauer.com\/wp-content\/uploads\/Martina-Zimmerbauer-Spiritual-Coaching-Energy-Healing-400x533.jpg 400w\" sizes=\"auto, (max-width: 600px) 100vw, 600px\" \/><\/figure><div class=\"wp-block-media-text__content\">\n<h2 class=\"wp-block-heading has-text-color\" style=\"color:#d7b671\">Hi, ich bin Martina<\/h2>\n\n\n\n<p>Ich bin spirituelle Coachin und Energiearbeiterin. Als zertifizierte ThetaHealing\u00ae-Ausbilderin, Astrologin und Yogini begleite ich Frauen auf transformativen Reisen, um <strong>ihre Wahrhaftigkeit zu entfalten, aus ihrem vollen Potential zu sch\u00f6pfen und ihre Bestimmung zu leben.<\/strong><\/p>\n\n\n\n<p>Mit einer einzigartigen Kombination aus kosmischer F\u00fchrung, L\u00f6sen von energetischen Blockaden und Ver\u00e4nderung von Denkmustern helfe ich dir, in deine Kraft zu kommen, deine wertvollsten Talente &amp; Qualit\u00e4ten zu erkennen und <strong>Herausforderungen zu \u00fcberwinden,<\/strong> um deinem Calling mit Klarheit, Zuversicht und Leichtigkeit zu folgen.<\/p>\n\n\n\n<p>Du m\u00f6chtest mehr erfahren? Ich freue mich auf deine Nachricht!<\/p>\n\n\n\n<div style=\"height:20px\" aria-hidden=\"true\" class=\"wp-block-spacer\"><\/div>\n\n\n\n<div class=\"wp-block-buttons is-content-justification-center is-layout-flex wp-container-core-buttons-is-layout-16018d1d wp-block-buttons-is-layout-flex\">\n<div class=\"wp-block-button\"><a class=\"wp-block-button__link wp-element-button\" href=\"https:\/\/martina-zimmerbauer.com\/de\/contact\/\">Kontaktiere mich<\/a><\/div>\n<\/div>\n<\/div><\/div>\n\n\n\n<div style=\"height:50px\" aria-hidden=\"true\" class=\"wp-block-spacer\"><\/div>\n\n\n\n<figure class=\"wp-block-pullquote\"><blockquote><p>Du bist dazu bestimmt, ein Leben voller Leidenschaft, Sinn, Magie und Wunder zu leben.<\/p><\/blockquote><\/figure>\n\n\n\n<div style=\"height:10px\" aria-hidden=\"true\" class=\"wp-block-spacer\"><\/div>\n\n\n\n<h2 class=\"wp-block-heading has-text-color\" style=\"color:#d7b671\">Seelenpotential Reading<\/h2>\n\n\n\n<p>Im Seelenpotential Reading anhand deines astrologischen Geburtshoroskops erforschen wir <strong>dein wahres Ich, dein Potenzial und deine Bestimmung<\/strong>. Es kann dir helfen, besser zu verstehen, wer du wirklich bist einschlie\u00dflich Qualit\u00e4ten und Pers\u00f6nlichkeitsmerkmale, was deine wertvollsten Gaben &amp; Talente sind, welche Aufgabe sich deine Seele f\u00fcr dieses Leben vorgenommen hat, und kann dir Informationen zu Lernerfahrungen und zu deiner Berufung geben. <\/p>\n\n\n\n<div style=\"height:20px\" aria-hidden=\"true\" class=\"wp-block-spacer\"><\/div>\n\n\n\n<div class=\"wp-block-buttons is-content-justification-center is-layout-flex wp-container-core-buttons-is-layout-16018d1d wp-block-buttons-is-layout-flex\">\n<div class=\"wp-block-button aligncenter\"><a class=\"wp-block-button__link wp-element-button\" href=\"https:\/\/martina-zimmerbauer.com\/de\/work-with-me\/#astro-reading\">Buche ein Reading<\/a><\/div>\n<\/div>\n\n\n\n<div style=\"height:40px\" aria-hidden=\"true\" class=\"wp-block-spacer\"><\/div>\n\n\n\n<h2 class=\"wp-block-heading has-text-color\" style=\"color:#d7b671\">Live Your Self Programm<\/h2>\n\n\n\n<p>M\u00f6chtest du <strong>deiner Leidenschaft folgen, das Leben in vollen Z\u00fcgen genie\u00dfen und deine Bestimmung leben<\/strong>? In meinem Signature 1:1-Coaching &amp; Healing Programm \u201eLive Your Self\u201c unterst\u00fctze ich dich bei deiner Metamorphose, dein Potenzial und wahrhaftiges Ich zu leben. Mit meinen nat\u00fcrlichen intuitiven F\u00e4higkeiten, astrologischer F\u00fchrung, Mindset und energetischer Arbeit helfe ich dir, deine innere Kraft und Einzigartigkeit zu aktivieren, sowie Hindernisse zu \u00fcberwinden, um deinem Herzenswunsch zu folgen und dein Selbst zu entfalten.<\/p>\n\n\n\n<div style=\"height:20px\" aria-hidden=\"true\" class=\"wp-block-spacer\"><\/div>\n\n\n\n<div class=\"wp-block-buttons is-content-justification-center is-layout-flex wp-container-core-buttons-is-layout-16018d1d wp-block-buttons-is-layout-flex\">\n<div class=\"wp-block-button\"><a class=\"wp-block-button__link wp-element-button\" href=\"https:\/\/martina-zimmerbauer.com\/de\/work-with-me\/#liveyourself-program\">Erfahre mehr<\/a><\/div>\n<\/div>\n\n\n\n<div style=\"height:40px\" aria-hidden=\"true\" class=\"wp-block-spacer\"><\/div>\n\n\n\n<h2 class=\"wp-block-heading has-text-color\" id=\"testimonials\" style=\"color:#d7b671\">Was Klientinnen sagen<\/h2>\n\n\n\n<blockquote class=\"wp-block-quote is-layout-flow wp-block-quote-is-layout-flow\">\n<figure class=\"wp-block-embed is-type-video is-provider-youtube wp-block-embed-youtube wp-embed-aspect-16-9 wp-has-aspect-ratio\"><div class=\"wp-block-embed__wrapper\">\n<iframe loading=\"lazy\" title=\"Testimonial Tiana 2024-04-29\" width=\"825\" height=\"464\" src=\"https:\/\/www.youtube.com\/embed\/1wf7teyt7FU?feature=oembed\" frameborder=\"0\" allow=\"accelerometer; autoplay; clipboard-write; encrypted-media; gyroscope; picture-in-picture; web-share\" referrerpolicy=\"strict-origin-when-cross-origin\" allowfullscreen><\/iframe>\n<\/div><\/figure>\n<cite>Tiana, Musician<\/cite><\/blockquote>\n\n\n\n<div class=\"wp-block-columns is-layout-flex wp-container-core-columns-is-layout-9d6595d7 wp-block-columns-is-layout-flex\">\n<div class=\"wp-block-column is-layout-flow wp-block-column-is-layout-flow\">\n<blockquote class=\"wp-block-quote has-text-align-left is-layout-flow wp-block-quote-is-layout-flow\">\n<p>Wow! Magisch! Ich habe gerade ein super tiefes Digging mit Martina gehabt. Ich glaube, das war die vielschichtigste Sitzung, die ich bisher in meiner Erfahrung mit ThetaHealing gemacht habe. Es f\u00fchlt sich an, als h\u00e4tte sie mir eine T\u00fcr zu einem neuen Leben aufgemacht, eine T\u00fcr, von der ich vorher gar nicht wusste, dass sie existiert. Ich bin zutiefst beeindruckt von Martinas Klarheit und ihrer F\u00e4higkeit in all diesen tiefen Verstrickungen des Unterbewusstseins ganz selbstverst\u00e4ndlich den \u00dcberblick zu behalten. Ich f\u00fchle mich in jedem Moment total sicher und gehalten mit ihr. Ich genie\u00dfe es, mit welcher Pr\u00e4zision, Ruhe und Liebe sie die Fragen stellt und die S\u00e4tze spricht. Ich kann jeden Shift und jeden Download total genau sp\u00fcren in meinem Feld. Das Tollste f\u00fcr mich ist, die Leichtigkeit mit der das alles geht. Auch wenn die Themen mal 'dramatisch' sind, kann ich mit ihr trotzdem oder gerade deshalb lachen. Ich f\u00fchle mich auch nach so einer tiefen Sitzung erfrischt und voller Lebendigkeit. Ich habe jetzt schon mehrfach mit Martina gearbeitet und es jedes mal so eine Freude und wirkliche Ver\u00e4nderungen. Ich bin total gespannt, was jetzt als n\u00e4chstes Wunderbares in meinem Leben passiert. Danke dir von ganzem Herzen liebe Martina f\u00fcr diese Mega-Sitzung! Tanja Ellies, Visionary Communications, Deutschland<\/p>\n<\/blockquote>\n\n\n\n<blockquote class=\"wp-block-quote is-layout-flow wp-block-quote-is-layout-flow\">\n<p>\u00dcber Martina, Wow! Ich hatte eine tief transformierende Erfahrung mit Martina! Sie hat mir einen klaren Weg zur Kommunikation mit meiner Seele und tiefen Wahrheiten er\u00f6ffnet. Sie ist wie eine Hebamme - f\u00fchrt durch einen leichten und gl\u00fcckseligen Prozess, um tiefe unbewusste Muster zu ver\u00e4ndern. Ich kann ihre F\u00e4higkeiten und ihre wunderbare, liebevolle Energie nicht genug empfehlen! Rachel Gimbel, USA<\/p>\n<\/blockquote>\n<\/div>\n\n\n\n<div class=\"wp-block-column is-layout-flow wp-block-column-is-layout-flow\">\n<blockquote class=\"wp-block-quote has-text-align-left is-layout-flow wp-block-quote-is-layout-flow\">\n<p>Martina hat mir in einer entscheidenden Phase meines Lebens geholfen, nicht an meinen Selbstzweifeln zu zerbrechen, sondern ihnen auf den Grund zu gehen, sie tiefgreifend aufzul\u00f6sen und mir zur Heilung zu verhelfen. Was die Grundvoraussetzung war, um in einen neuen Lebensabschnitt \u00fcberhaupt erst starten zu k\u00f6nnen. Marlene von couchabenteurer.de, Digitale Nomadin residierend in S\u00fcdafrika<\/p>\n<\/blockquote>\n\n\n\n<blockquote class=\"wp-block-quote has-text-align-left is-layout-flow wp-block-quote-is-layout-flow\">\n<p>Ich hatte eine tiefe Heilerfahrung mit Martina, die wirklich wei\u00df wie man einen sicheren Raum schafft. Ich f\u00fchlte mich unterst\u00fctzt, geh\u00f6rt und sicher. W\u00e4hrend der Sitzung war ich in der Lage, negative Emotionen aus meiner Kindheit loszulassen, die mich daran hinderten, auf meinem beruflichen Weg voranzukommen. Ich war positiv \u00fcberrascht und bin mir sicher, dass ich bereits einen gro\u00dfen Schritt zu mir selbst gemacht habe. Vielen herzlichen Dank, Martina! Sabrina Jeblaoui, franz\u00f6sische Fotografin, lebend in Berlin<\/p>\n<\/blockquote>\n\n\n\n<blockquote class=\"wp-block-quote is-layout-flow wp-block-quote-is-layout-flow\">\n<p>Ich genie\u00dfe meine Sitzungen mit Martina sehr. Sie sind eine M\u00f6glichkeit, tiefer zu graben und wirklich an die Wurzel meiner limitierenden Glaubenss\u00e4tzen, konditionierten \u00dcberzeugungen und Verhaltensweisen zu gelangen. Ich habe das Gef\u00fchl, dass wir mit jeder Sitzung tiefer gehen und etwas Neues loslassen. Nach jeder Sitzung erf\u00fcllt mich ein neues Gef\u00fchl der Leichtigkeit. Es ist sch\u00f6n, Unterst\u00fctzung zu haben, die mir bei meinen gew\u00fcnschten Ver\u00e4nderungen hilft. Wir haben viele Themen bearbeitet, wie etwa Selbstwertgef\u00fchl und pers\u00f6nliche Beziehungen. Bekah Bottone, Content Writer, USA<\/p>\n<\/blockquote>\n<\/div>\n<\/div>\n\n\n\n<h2 class=\"wp-block-heading has-text-color\" style=\"color:#d7b671\">Werde Teil meiner Community<\/h2>\n\n\n\n<p>Um Einblicke, Tipps und Tricks f\u00fcr deine Reise zu dir Selbst zu erhalten, abonniere meinen Newsletter. Sei die Erste, die \u00fcber kommende Veranstaltungen, Seminare und Workshops erf\u00e4hrt und erhalte Informationen \u00fcber meine Angebote.<\/p>\n\n\n\n<div style=\"height:20px\" aria-hidden=\"true\" class=\"wp-block-spacer\"><\/div>\n\n\n<p><script async=\"\" src=\"https:\/\/eocampaign1.com\/form\/1971962e-f3f0-11ed-bfb2-271fd1bfb40b.js\" data-form=\"1971962e-f3f0-11ed-bfb2-271fd1bfb40b\"><\/script><\/p>\n\n\n\n<div style=\"height:40px\" aria-hidden=\"true\" class=\"wp-block-spacer\"><\/div>\n\n\n\n<div style=\"height:40px\" aria-hidden=\"true\" class=\"wp-block-spacer\"><\/div>\n\n\n\n<div style=\"height:100px\" aria-hidden=\"true\" class=\"wp-block-spacer\"><\/div>","protected":false},"excerpt":{"rendered":"<p>Live your Soul&#8217;s fullest potential Do you feel like that there is so much more<a class=\"read-more\" href=\"https:\/\/martina-zimmerbauer.com\/de\/\"\/>Continue reading<\/a><\/p>","protected":false},"author":1,"featured_media":3964,"parent":0,"menu_order":0,"comment_status":"closed","ping_status":"closed","template":"page-templates\/template_banner.php","meta":{"footnotes":""},"class_list":["post-307","page","type-page","status-publish","has-post-thumbnail","hentry"],"yoast_head":"<!-- This site is optimized with the Yoast SEO plugin v27.1.1 - https:\/\/yoast.com\/product\/yoast-seo-wordpress\/ -->\n<title>Home - Martina Zimmerbauer<\/title>\n<meta name=\"description\" content=\"Spiritual Coaching, ThetaHealing\u00ae, Astrology - Empower your Self, unfold your uniqueness, and create the life you always wanted.\" \/>\n<meta name=\"robots\" content=\"index, follow, max-snippet:-1, max-image-preview:large, max-video-preview:-1\" \/>\n<link rel=\"canonical\" href=\"https:\/\/martina-zimmerbauer.com\/de\/\" \/>\n<meta property=\"og:locale\" content=\"de_DE\" \/>\n<meta property=\"og:type\" content=\"article\" \/>\n<meta property=\"og:title\" content=\"Home - Martina Zimmerbauer\" \/>\n<meta property=\"og:description\" content=\"Spiritual Coaching, ThetaHealing\u00ae, Astrology - Empower your Self, unfold your uniqueness, and create the life you always wanted.\" \/>\n<meta property=\"og:url\" content=\"https:\/\/martina-zimmerbauer.com\/de\/\" \/>\n<meta property=\"og:site_name\" content=\"Martina Zimmerbauer\" \/>\n<meta property=\"article:publisher\" content=\"https:\/\/www.facebook.com\/m.zimmerbauer\" \/>\n<meta property=\"article:modified_time\" content=\"2026-03-05T20:21:02+00:00\" \/>\n<meta property=\"og:image\" content=\"https:\/\/martina-zimmerbauer.com\/wp-content\/uploads\/Martina-Zimmerbauer-Spiritual-Coaching-Energy-Healing-Soul-Potential.jpeg\" \/>\n\t<meta property=\"og:image:width\" content=\"1900\" \/>\n\t<meta property=\"og:image:height\" content=\"1000\" \/>\n\t<meta property=\"og:image:type\" content=\"image\/jpeg\" \/>\n<meta name=\"twitter:card\" content=\"summary_large_image\" \/>\n<script type=\"application\/ld+json\" class=\"yoast-schema-graph\">{\"@context\":\"https:\/\/schema.org\",\"@graph\":[{\"@type\":\"WebPage\",\"@id\":\"https:\/\/martina-zimmerbauer.com\/\",\"url\":\"https:\/\/martina-zimmerbauer.com\/\",\"name\":\"Home - Martina Zimmerbauer\",\"isPartOf\":{\"@id\":\"https:\/\/martina-zimmerbauer.com\/#website\"},\"primaryImageOfPage\":{\"@id\":\"https:\/\/martina-zimmerbauer.com\/#primaryimage\"},\"image\":{\"@id\":\"https:\/\/martina-zimmerbauer.com\/#primaryimage\"},\"thumbnailUrl\":\"https:\/\/martina-zimmerbauer.com\/wp-content\/uploads\/Martina-Zimmerbauer-Spiritual-Coaching-Energy-Healing-Soul-Potential.jpeg\",\"datePublished\":\"2020-09-09T15:15:57+00:00\",\"dateModified\":\"2026-03-05T20:21:02+00:00\",\"description\":\"Spiritual Coaching, ThetaHealing\u00ae, Astrology - Empower your Self, unfold your uniqueness, and create the life you always wanted.\",\"breadcrumb\":{\"@id\":\"https:\/\/martina-zimmerbauer.com\/#breadcrumb\"},\"inLanguage\":\"de\",\"potentialAction\":[{\"@type\":\"ReadAction\",\"target\":[\"https:\/\/martina-zimmerbauer.com\/\"]}]},{\"@type\":\"ImageObject\",\"inLanguage\":\"de\",\"@id\":\"https:\/\/martina-zimmerbauer.com\/#primaryimage\",\"url\":\"https:\/\/martina-zimmerbauer.com\/wp-content\/uploads\/Martina-Zimmerbauer-Spiritual-Coaching-Energy-Healing-Soul-Potential.jpeg\",\"contentUrl\":\"https:\/\/martina-zimmerbauer.com\/wp-content\/uploads\/Martina-Zimmerbauer-Spiritual-Coaching-Energy-Healing-Soul-Potential.jpeg\",\"width\":1900,\"height\":1000,\"caption\":\"Live Your Soul's Full Potential\"},{\"@type\":\"BreadcrumbList\",\"@id\":\"https:\/\/martina-zimmerbauer.com\/#breadcrumb\",\"itemListElement\":[{\"@type\":\"ListItem\",\"position\":1,\"name\":\"Home\",\"item\":\"https:\/\/martina-zimmerbauer.com\/\"},{\"@type\":\"ListItem\",\"position\":2,\"name\":\"Home\"}]},{\"@type\":\"WebSite\",\"@id\":\"https:\/\/martina-zimmerbauer.com\/#website\",\"url\":\"https:\/\/martina-zimmerbauer.com\/\",\"name\":\"Martina Zimmerbauer\",\"description\":\"Spiritual Coach | Energy Healer\",\"potentialAction\":[{\"@type\":\"SearchAction\",\"target\":{\"@type\":\"EntryPoint\",\"urlTemplate\":\"https:\/\/martina-zimmerbauer.com\/?s={search_term_string}\"},\"query-input\":{\"@type\":\"PropertyValueSpecification\",\"valueRequired\":true,\"valueName\":\"search_term_string\"}}],\"inLanguage\":\"de\"}]}<\/script>\n<!-- \/ Yoast SEO plugin. -->","yoast_head_json":{"title":"Home - Martina Zimmerbauer","description":"Spiritual Coaching, ThetaHealing\u00ae, Astrology - Empower your Self, unfold your uniqueness, and create the life you always wanted.","robots":{"index":"index","follow":"follow","max-snippet":"max-snippet:-1","max-image-preview":"max-image-preview:large","max-video-preview":"max-video-preview:-1"},"canonical":"https:\/\/martina-zimmerbauer.com\/de\/","og_locale":"de_DE","og_type":"article","og_title":"Home - Martina Zimmerbauer","og_description":"Spiritual Coaching, ThetaHealing\u00ae, Astrology - Empower your Self, unfold your uniqueness, and create the life you always wanted.","og_url":"https:\/\/martina-zimmerbauer.com\/de\/","og_site_name":"Martina Zimmerbauer","article_publisher":"https:\/\/www.facebook.com\/m.zimmerbauer","article_modified_time":"2026-03-05T20:21:02+00:00","og_image":[{"width":1900,"height":1000,"url":"https:\/\/martina-zimmerbauer.com\/wp-content\/uploads\/Martina-Zimmerbauer-Spiritual-Coaching-Energy-Healing-Soul-Potential.jpeg","type":"image\/jpeg"}],"twitter_card":"summary_large_image","schema":{"@context":"https:\/\/schema.org","@graph":[{"@type":"WebPage","@id":"https:\/\/martina-zimmerbauer.com\/","url":"https:\/\/martina-zimmerbauer.com\/","name":"Home - Martina Zimmerbauer","isPartOf":{"@id":"https:\/\/martina-zimmerbauer.com\/#website"},"primaryImageOfPage":{"@id":"https:\/\/martina-zimmerbauer.com\/#primaryimage"},"image":{"@id":"https:\/\/martina-zimmerbauer.com\/#primaryimage"},"thumbnailUrl":"https:\/\/martina-zimmerbauer.com\/wp-content\/uploads\/Martina-Zimmerbauer-Spiritual-Coaching-Energy-Healing-Soul-Potential.jpeg","datePublished":"2020-09-09T15:15:57+00:00","dateModified":"2026-03-05T20:21:02+00:00","description":"Spiritual Coaching, ThetaHealing\u00ae, Astrology - Empower your Self, unfold your uniqueness, and create the life you always wanted.","breadcrumb":{"@id":"https:\/\/martina-zimmerbauer.com\/#breadcrumb"},"inLanguage":"de","potentialAction":[{"@type":"ReadAction","target":["https:\/\/martina-zimmerbauer.com\/"]}]},{"@type":"ImageObject","inLanguage":"de","@id":"https:\/\/martina-zimmerbauer.com\/#primaryimage","url":"https:\/\/martina-zimmerbauer.com\/wp-content\/uploads\/Martina-Zimmerbauer-Spiritual-Coaching-Energy-Healing-Soul-Potential.jpeg","contentUrl":"https:\/\/martina-zimmerbauer.com\/wp-content\/uploads\/Martina-Zimmerbauer-Spiritual-Coaching-Energy-Healing-Soul-Potential.jpeg","width":1900,"height":1000,"caption":"Live Your Soul's Full Potential"},{"@type":"BreadcrumbList","@id":"https:\/\/martina-zimmerbauer.com\/#breadcrumb","itemListElement":[{"@type":"ListItem","position":1,"name":"Home","item":"https:\/\/martina-zimmerbauer.com\/"},{"@type":"ListItem","position":2,"name":"Home"}]},{"@type":"WebSite","@id":"https:\/\/martina-zimmerbauer.com\/#website","url":"https:\/\/martina-zimmerbauer.com\/","name":"Martina Zimmerbauer","description":"Spiritual Coach | Energy Healer","potentialAction":[{"@type":"SearchAction","target":{"@type":"EntryPoint","urlTemplate":"https:\/\/martina-zimmerbauer.com\/?s={search_term_string}"},"query-input":{"@type":"PropertyValueSpecification","valueRequired":true,"valueName":"search_term_string"}}],"inLanguage":"de"}]}},"_links":{"self":[{"href":"https:\/\/martina-zimmerbauer.com\/de\/wp-json\/wp\/v2\/pages\/307","targetHints":{"allow":["GET"]}}],"collection":[{"href":"https:\/\/martina-zimmerbauer.com\/de\/wp-json\/wp\/v2\/pages"}],"about":[{"href":"https:\/\/martina-zimmerbauer.com\/de\/wp-json\/wp\/v2\/types\/page"}],"author":[{"embeddable":true,"href":"https:\/\/martina-zimmerbauer.com\/de\/wp-json\/wp\/v2\/users\/1"}],"replies":[{"embeddable":true,"href":"https:\/\/martina-zimmerbauer.com\/de\/wp-json\/wp\/v2\/comments?post=307"}],"version-history":[{"count":380,"href":"https:\/\/martina-zimmerbauer.com\/de\/wp-json\/wp\/v2\/pages\/307\/revisions"}],"predecessor-version":[{"id":4845,"href":"https:\/\/martina-zimmerbauer.com\/de\/wp-json\/wp\/v2\/pages\/307\/revisions\/4845"}],"wp:featuredmedia":[{"embeddable":true,"href":"https:\/\/martina-zimmerbauer.com\/de\/wp-json\/wp\/v2\/media\/3964"}],"wp:attachment":[{"href":"https:\/\/martina-zimmerbauer.com\/de\/wp-json\/wp\/v2\/media?parent=307"}],"curies":[{"name":"wp","href":"https:\/\/api.w.org\/{rel}","templated":true}]}}