{"id":34,"date":"2020-09-01T15:10:03","date_gmt":"2020-09-01T13:10:03","guid":{"rendered":"https:\/\/martina-zimmerbauer.com\/?page_id=34"},"modified":"2025-04-14T13:37:33","modified_gmt":"2025-04-14T18:37:33","slug":"legal-notice","status":"publish","type":"page","link":"https:\/\/martina-zimmerbauer.com\/de\/legal-notice\/","title":{"rendered":"Impressum &amp; Datenschutz"},"content":{"rendered":"<h2 class=\"wp-block-heading has-text-align-center has-text-color\" style=\"color:#d7b671\">Impressum<\/h2>\n\n\n\n<div style=\"height:40px\" aria-hidden=\"true\" class=\"wp-block-spacer\"><\/div>\n\n\n\n<p class=\"has-text-align-center\">Martina Zimmerbauer Coaching LLC<br>3833 Powerline Road STE 201<br>Fort Lauderdale, FL 33309<\/p>\n\n\n\n<p class=\"has-text-align-center\">hello<code>@<\/code>martina-zimmerbauer.com<\/p>\n\n\n\n<div style=\"height:40px\" aria-hidden=\"true\" class=\"wp-block-spacer\"><\/div>\n\n\n\n<p><\/p>\n\n\n\n<p><strong>Verantwortung f\u00fcr den Inhalt<\/strong><\/p>\n\n\n\n<p>Wir haben die Inhalte unserer Webseite sorgf\u00e4ltig erstellt und aktualisieren sie regelm\u00e4\u00dfig. Dennoch k\u00f6nnen wir f\u00fcr die Richtigkeit, Vollst\u00e4ndigkeit und Aktualit\u00e4t der Inhalte keine Gew\u00e4hr \u00fcbernehmen. Wir sind f\u00fcr unsere eigenen Inhalte auf dieser Webseite verantwortlich. Wir behalten uns das Recht vor, die Inhalte, Produktinformationen und Angebote jederzeit zu \u00e4ndern.<\/p>\n\n\n\n<p><strong>Verantwortung f\u00fcr Links<\/strong><\/p>\n\n\n\n<p>Unsere Webseite enth\u00e4lt Verkn\u00fcpfungen zu Webseiten von Dritten (Hyperlinks). Wir haften nicht f\u00fcr die Inhalte, die auf diesen externen Seiten angezeigt werden.<\/p>\n\n\n\n<p><strong>Schutz des Urheberrechts<\/strong><\/p>\n\n\n\n<p>Unsere Webseite und deren Inhalte sind urheberrechtlich gesch\u00fctzt. Die Vervielf\u00e4ltigung oder jegliche Art der Weiterverwendung dieser Inhalte, kommerziell oder anderwertig, ist nicht gestattet.<\/p>\n\n\n\n<div style=\"height:40px\" aria-hidden=\"true\" class=\"wp-block-spacer\"><\/div>\n\n\n\n<h2 class=\"wp-block-heading has-text-align-center has-text-color\" style=\"color:#d7b671\">Datenschutz<\/h2>\n\n\n\n<div style=\"height:40px\" aria-hidden=\"true\" class=\"wp-block-spacer\"><\/div>\n\n\n\n<p><strong>Erhebung, Verarbeitung und Nutzung von personenbezogenen Daten<\/strong><\/p>\n\n\n\n<p>(1) Sie k\u00f6nnen unsere Webseite besuchen, ohne pers\u00f6nliche Daten preiszugeben. Auf unserer Webseite verwenden wir sogenannte Logfiles. Dabei werden lediglich Daten ohne Personenbezug gespeichert, wie z.B. der Name Ihres Internet Service Providers, die Internet-Protokoll-Adresse (IP-Adresse), die Seite, von der aus Sie uns besuchen, der Name der angeforderten Datei, das Datum und die Uhrzeit des Besuchs unserer Webseite und welcher Browser verwendet wurde. Diese Daten werden ausschlie\u00dflich zu statistischen Zwecken und zur Verbesserung unserer Webseite und unseres Angebots ausgewertet. Ein Bezug zu Ihrer Person ist damit nicht m\u00f6glich.<\/p>\n\n\n\n<p>(2) Personenbezogene Daten werden nur erhoben, wenn Sie uns diese von sich aus mitteilen. Welche Daten erhoben werden, ist aus den jeweiligen Eingabeformularen ersichtlich. Wir speichern und verwenden die von Ihnen zur Verf\u00fcgung gestellten Daten f\u00fcr die Durchf\u00fchrung des Dienstes. Nach Erledigung werden Ihre Daten unter Beachtung der gesetzlichen Aufbewahrungsfristen gespeichert und nach Ablauf dieser Fristen gel\u00f6scht, sofern Sie nicht ausdr\u00fccklich in die weitere Verwendung Ihrer Daten einwilligen. <\/p>\n\n\n\n<p>(3) Bei der Datenverarbeitung werden alle Fragen der Vertraulichkeit gem\u00e4\u00df den gesetzlichen Bestimmungen behandelt. Wir weisen jedoch darauf hin, dass die Daten\u00fcbertragung im Internet (z.B. bei der Kommunikation per E-Mail) Sicherheitsl\u00fccken aufweisen kann. Ein l\u00fcckenloser Schutz der Daten vor dem Zugriff durch Dritte ist nicht m\u00f6glich.<\/p>\n\n\n\n<div style=\"height:20px\" aria-hidden=\"true\" class=\"wp-block-spacer\"><\/div>\n\n\n\n<p><strong>Cookies<\/strong><\/p>\n\n\n\n<p>(1) Cookies sind kleine Textdateien, die auf Ihrem Rechner abgelegt werden. Wir verwenden Cookies, um den Besuch auf unserer Webseite attraktiv zu gestalten und die Nutzung bestimmter Funktionen zu erm\u00f6glichen. Die meisten der von uns verwendeten Cookies werden nach Ende der Browser-Sitzung wieder von Ihrer Festplatte gel\u00f6scht (sog. Sitzungs-Cookies). Andere Cookies verbleiben auf Ihrem Computer und erm\u00f6glichen uns, Ihren Computer bei Ihrem n\u00e4chsten Besuch wieder zu erkennen (sog. dauerhafte Cookies). <\/p>\n\n\n\n<p>(2) Um wirksame Nutzereinwilligungen f\u00fcr einwilligungspflichtige Cookies und cookie-basierte Anwendungen von Nutzern einzuholen, nutzen wir auf dieser Webseite das Cookie-Consent-Tool \u201eCookieYes\u201c der Mozilor Limited, 3 Warren Yard, Wolverton Mill, Milton Keynes, England, MK12 5NW, Gro\u00dfbritannien (\u201eCookieYes\u201c).<\/p>\n\n\n\n<p>(3) \u00dcber einen JavaScript-Code bekommen Sie beim Aufruf unserer Webseite ein Banner angezeigt und Sie k\u00f6nnen individuell entscheiden (Setzen von H\u00e4kchen), f\u00fcr welche Cookies und\/oder cookie-basierte Anwendungen Sie Ihre Einwilligung geben. Das Cookie-Consent-Tool blockiert das Setzen aller einwilligungspflichtigen Cookies so lange, bis Sie eine entsprechende Einwilligung (Setzen von H\u00e4kchen) erteilen. Somit ist sichergestellt, dass derartige Cookies auf Ihrem jeweiligen Endger\u00e4t erst gesetzt werden, wenn Sie Ihre Einwilligung erteilt haben.<\/p>\n\n\n\n<p>(4) \u00dcber die CookieYes-Anwendung werden bestimmte Nutzerinformationen (einschlie\u00dflich der IP-Adresse) erhoben, an Server von CookieYes \u00fcbermittelt und dort gespeichert. Dies dient dazu, eine eindeutige individuelle Nutzerzuordnung von Seitenaufrufen zu erm\u00f6glichen und die von Nutzern getroffenen Einwilligungseinstellungen individuell zu erfassen, zu protokollieren und f\u00fcr eine Sitzungsdauer zu speichern.<\/p>\n\n\n\n<p>(5) Diese Datenverarbeitungen erfolgen gem\u00e4\u00df Art. 6 Abs. 1 lit. f DSGVO auf Basis unseres berechtigten Interesses an einem rechtskonformen, nutzerspezifischen und nutzerfreundlichen Einwilligungsmanagement f\u00fcr Cookies und mithin an einer rechtskonformen Ausgestaltung unseres Internetauftritts. Weitere Rechtsgrundlage f\u00fcr die beschriebenen Datenverarbeitungen ist ferner Art. 6 Abs. 1 lit. c DSGVO. Wir unterliegen als Verantwortliche der rechtlichen Verpflichtung, den Einsatz technisch nicht notwendiger Cookies von der jeweiligen Nutzereinwilligung abh\u00e4ngig zu machen.<\/p>\n\n\n\n<p>(6) Weitere Informationen finden Sie in der <a href=\"https:\/\/www.cookieyes.com\/privacy-policy\/\" target=\"_blank\" rel=\"noreferrer noopener\">Datenschutzerkl\u00e4rung von CookieYes<\/a>.<\/p>\n\n\n\n<div style=\"height:20px\" aria-hidden=\"true\" class=\"wp-block-spacer\"><\/div>\n\n\n\n<p><strong>Newsletter<\/strong><\/p>\n\n\n\n<p>(1) Nach Anmeldung zum Newsletter wird Ihre E-Mail-Adresse f\u00fcr eigene Werbezwecke genutzt, bis Sie sich vom Newsletter wieder abmelden. Die Abmeldung ist jederzeit m\u00f6glich. Die nachstehende Einwilligung haben Sie gesondert und ausdr\u00fccklich erteilt: ( Anmeldung zum Newsletter )<\/p>\n\n\n\n<p>(2) Sie k\u00f6nnen Ihre Einwilligung jederzeit mit Wirkung f\u00fcr die Zukunft widerrufen. Wenn Sie den Newsletter nicht mehr erhalten m\u00f6chten, dann melden Sie sich wie folgt ab: ( \u00dcber den Abmeldelink in der E-Mail )<\/p>\n\n\n\n<div style=\"height:20px\" aria-hidden=\"true\" class=\"wp-block-spacer\"><\/div>\n\n\n\n<p><strong>Recht auf Auskunft, Berichtigung, Sperrung und L\u00f6schung von Daten<\/strong><\/p>\n\n\n\n<p>Bei Fragen zur Erhebung, Verarbeitung oder Nutzung Ihrer Daten sowie bei Ausk\u00fcnften, Berichtigung, Sperrung oder L\u00f6schung von Daten <a href=\"https:\/\/martina-zimmerbauer.com\/de\/contact\/\" data-type=\"page\" data-id=\"23\">senden Sie uns eine Nachricht<\/a>.<\/p>","protected":false},"excerpt":{"rendered":"<p>Imprint Martina Zimmerbauer Coaching LLC3833 Powerline Road STE 201Fort Lauderdale, FL 33309 hello@martina-zimmerbauer.com Accountability for<a class=\"read-more\" href=\"https:\/\/martina-zimmerbauer.com\/de\/legal-notice\/\"\/>Continue reading<\/a><\/p>","protected":false},"author":1,"featured_media":0,"parent":0,"menu_order":0,"comment_status":"closed","ping_status":"closed","template":"page-templates\/template_nosidebar.php","meta":{"footnotes":""},"class_list":["post-34","page","type-page","status-publish","hentry"],"yoast_head":"<!-- This site is optimized with the Yoast SEO plugin v27.1.1 - https:\/\/yoast.com\/product\/yoast-seo-wordpress\/ -->\n<title>Legal Notice - Martina Zimmerbauer<\/title>\n<meta name=\"description\" content=\"Accountability for content. We have thoroughly created the content of our website and we update it regularly.\" \/>\n<meta name=\"robots\" content=\"index, follow, max-snippet:-1, max-image-preview:large, max-video-preview:-1\" \/>\n<link rel=\"canonical\" href=\"https:\/\/martina-zimmerbauer.com\/de\/legal-notice\/\" \/>\n<meta property=\"og:locale\" content=\"de_DE\" \/>\n<meta property=\"og:type\" content=\"article\" \/>\n<meta property=\"og:title\" content=\"Legal Notice - Martina Zimmerbauer\" \/>\n<meta property=\"og:description\" content=\"Accountability for content. We have thoroughly created the content of our website and we update it regularly.\" \/>\n<meta property=\"og:url\" content=\"https:\/\/martina-zimmerbauer.com\/de\/legal-notice\/\" \/>\n<meta property=\"og:site_name\" content=\"Martina Zimmerbauer\" \/>\n<meta property=\"article:publisher\" content=\"https:\/\/www.facebook.com\/m.zimmerbauer\" \/>\n<meta property=\"article:modified_time\" content=\"2025-04-14T18:37:33+00:00\" \/>\n<meta name=\"twitter:card\" content=\"summary_large_image\" \/>\n<script type=\"application\/ld+json\" class=\"yoast-schema-graph\">{\"@context\":\"https:\/\/schema.org\",\"@graph\":[{\"@type\":\"WebPage\",\"@id\":\"https:\/\/martina-zimmerbauer.com\/legal-notice\/\",\"url\":\"https:\/\/martina-zimmerbauer.com\/legal-notice\/\",\"name\":\"Legal Notice - Martina Zimmerbauer\",\"isPartOf\":{\"@id\":\"https:\/\/martina-zimmerbauer.com\/#website\"},\"datePublished\":\"2020-09-01T13:10:03+00:00\",\"dateModified\":\"2025-04-14T18:37:33+00:00\",\"description\":\"Accountability for content. We have thoroughly created the content of our website and we update it regularly.\",\"breadcrumb\":{\"@id\":\"https:\/\/martina-zimmerbauer.com\/legal-notice\/#breadcrumb\"},\"inLanguage\":\"de\",\"potentialAction\":[{\"@type\":\"ReadAction\",\"target\":[\"https:\/\/martina-zimmerbauer.com\/legal-notice\/\"]}]},{\"@type\":\"BreadcrumbList\",\"@id\":\"https:\/\/martina-zimmerbauer.com\/legal-notice\/#breadcrumb\",\"itemListElement\":[{\"@type\":\"ListItem\",\"position\":1,\"name\":\"Home\",\"item\":\"https:\/\/martina-zimmerbauer.com\/\"},{\"@type\":\"ListItem\",\"position\":2,\"name\":\"Legal Notice\"}]},{\"@type\":\"WebSite\",\"@id\":\"https:\/\/martina-zimmerbauer.com\/#website\",\"url\":\"https:\/\/martina-zimmerbauer.com\/\",\"name\":\"Martina Zimmerbauer\",\"description\":\"Spiritual Coach | Energy Healer\",\"potentialAction\":[{\"@type\":\"SearchAction\",\"target\":{\"@type\":\"EntryPoint\",\"urlTemplate\":\"https:\/\/martina-zimmerbauer.com\/?s={search_term_string}\"},\"query-input\":{\"@type\":\"PropertyValueSpecification\",\"valueRequired\":true,\"valueName\":\"search_term_string\"}}],\"inLanguage\":\"de\"}]}<\/script>\n<!-- \/ Yoast SEO plugin. -->","yoast_head_json":{"title":"Legal Notice - Martina Zimmerbauer","description":"Accountability for content. We have thoroughly created the content of our website and we update it regularly.","robots":{"index":"index","follow":"follow","max-snippet":"max-snippet:-1","max-image-preview":"max-image-preview:large","max-video-preview":"max-video-preview:-1"},"canonical":"https:\/\/martina-zimmerbauer.com\/de\/legal-notice\/","og_locale":"de_DE","og_type":"article","og_title":"Legal Notice - Martina Zimmerbauer","og_description":"Accountability for content. We have thoroughly created the content of our website and we update it regularly.","og_url":"https:\/\/martina-zimmerbauer.com\/de\/legal-notice\/","og_site_name":"Martina Zimmerbauer","article_publisher":"https:\/\/www.facebook.com\/m.zimmerbauer","article_modified_time":"2025-04-14T18:37:33+00:00","twitter_card":"summary_large_image","schema":{"@context":"https:\/\/schema.org","@graph":[{"@type":"WebPage","@id":"https:\/\/martina-zimmerbauer.com\/legal-notice\/","url":"https:\/\/martina-zimmerbauer.com\/legal-notice\/","name":"Legal Notice - Martina Zimmerbauer","isPartOf":{"@id":"https:\/\/martina-zimmerbauer.com\/#website"},"datePublished":"2020-09-01T13:10:03+00:00","dateModified":"2025-04-14T18:37:33+00:00","description":"Accountability for content. We have thoroughly created the content of our website and we update it regularly.","breadcrumb":{"@id":"https:\/\/martina-zimmerbauer.com\/legal-notice\/#breadcrumb"},"inLanguage":"de","potentialAction":[{"@type":"ReadAction","target":["https:\/\/martina-zimmerbauer.com\/legal-notice\/"]}]},{"@type":"BreadcrumbList","@id":"https:\/\/martina-zimmerbauer.com\/legal-notice\/#breadcrumb","itemListElement":[{"@type":"ListItem","position":1,"name":"Home","item":"https:\/\/martina-zimmerbauer.com\/"},{"@type":"ListItem","position":2,"name":"Legal Notice"}]},{"@type":"WebSite","@id":"https:\/\/martina-zimmerbauer.com\/#website","url":"https:\/\/martina-zimmerbauer.com\/","name":"Martina Zimmerbauer","description":"Spiritual Coach | Energy Healer","potentialAction":[{"@type":"SearchAction","target":{"@type":"EntryPoint","urlTemplate":"https:\/\/martina-zimmerbauer.com\/?s={search_term_string}"},"query-input":{"@type":"PropertyValueSpecification","valueRequired":true,"valueName":"search_term_string"}}],"inLanguage":"de"}]}},"_links":{"self":[{"href":"https:\/\/martina-zimmerbauer.com\/de\/wp-json\/wp\/v2\/pages\/34","targetHints":{"allow":["GET"]}}],"collection":[{"href":"https:\/\/martina-zimmerbauer.com\/de\/wp-json\/wp\/v2\/pages"}],"about":[{"href":"https:\/\/martina-zimmerbauer.com\/de\/wp-json\/wp\/v2\/types\/page"}],"author":[{"embeddable":true,"href":"https:\/\/martina-zimmerbauer.com\/de\/wp-json\/wp\/v2\/users\/1"}],"replies":[{"embeddable":true,"href":"https:\/\/martina-zimmerbauer.com\/de\/wp-json\/wp\/v2\/comments?post=34"}],"version-history":[{"count":30,"href":"https:\/\/martina-zimmerbauer.com\/de\/wp-json\/wp\/v2\/pages\/34\/revisions"}],"predecessor-version":[{"id":4839,"href":"https:\/\/martina-zimmerbauer.com\/de\/wp-json\/wp\/v2\/pages\/34\/revisions\/4839"}],"wp:attachment":[{"href":"https:\/\/martina-zimmerbauer.com\/de\/wp-json\/wp\/v2\/media?parent=34"}],"curies":[{"name":"wp","href":"https:\/\/api.w.org\/{rel}","templated":true}]}}