{"id":587,"date":"2020-09-15T10:23:21","date_gmt":"2020-09-15T08:23:21","guid":{"rendered":"https:\/\/martina-zimmerbauer.com\/?page_id=587"},"modified":"2024-02-25T08:05:10","modified_gmt":"2024-02-25T13:05:10","slug":"thetahealing","status":"publish","type":"page","link":"https:\/\/martina-zimmerbauer.com\/de\/thetahealing\/","title":{"rendered":"ThetaHealing&reg;"},"content":{"rendered":"<div style=\"height:40px\" aria-hidden=\"true\" class=\"wp-block-spacer\"><\/div>\n\n\n\n<h2 class=\"wp-block-heading has-text-align-center has-text-color\" id=\"block-455ac3f1-dc68-43a4-bac2-781b1dbe8a49\" style=\"color:#d7b671\">Entwickle deinen K\u00f6rper, Geist, und Seele<\/h2>\n\n\n\n<div style=\"height:40px\" aria-hidden=\"true\" class=\"wp-block-spacer\"><\/div>\n\n\n\n<p class=\"has-text-align-center\">ThetaHealing\u00ae ist eine weltweit anerkannte Energieheilungsmethode und spirituelle Philosophie, die dich dabei unterst\u00fctzt, dein Leben durch Ver\u00e4nderungen auf mentaler, emotionaler, spiritueller und k\u00f6rperlicher Ebene zu verbessern.<\/p>\n\n\n\n<div style=\"height:20px\" aria-hidden=\"true\" class=\"wp-block-spacer\"><\/div>\n\n\n\n<h2 class=\"wp-block-heading has-text-color\" style=\"color:#d7b671\">Die ThetaHealing Technik<\/h2>\n\n\n\n<p>ThetaHealing nutzt eine <strong>Meditationsmethode<\/strong> die dich in einen tiefen entspannten Zustand, einem <a href=\"https:\/\/www.thetahealing.com\/about-thetahealing\/the-theta-brain-state\" target=\"_blank\" rel=\"noreferrer noopener\">Theta-Zustand<\/a>, versetzt, wo die T\u00fcren zum Unterbewusstsein weit ge\u00f6ffnet sind. Im Theta-Zustand kannst du dich mit der universellen Lebensenergie verbinden und sofort Ver\u00e4nderungen vornehmen.<\/p>\n\n\n\n<p>Die Praxis lebt von intuitiven Readings, Fragen und Visualisierungen, um die <strong>Kernursache<\/strong> deiner Herausforderungen zu finden, unbewusste Glaubensmuster, vergangene Erfahrungen, emotionalen Ballast und genetisch vererbte Blockaden sichtbar zu machen. Es gibt dir die M\u00f6glichkeit, mehr Klarheit \u00fcber dich selbst zu bekommen und <strong>deine eigene Realit\u00e4t zu erschaffen<\/strong> , indem du emotionale Blockaden l\u00f6st und mittels <strong>Umprogrammierung deines Unterbewusstsein<\/strong> auf Gesundheit, Wohlstand und Erf\u00fcllung umprogrammierst.<\/p>\n\n\n\n<p>Heilung findet auf <strong>energetischer Ebene<\/strong> am Ursprung statt, indem du niedrig schwingende Gedanken, Emotionen, Traumen und selbst-sabotierende Glaubenss\u00e4tze aufl\u00f6st und sie in h\u00f6her schwingende und positive Perspektiven und Gef\u00fchle transformierst.<\/p>\n\n\n\n<div style=\"height:20px\" aria-hidden=\"true\" class=\"wp-block-spacer\"><\/div>\n\n\n\n<p class=\"has-text-align-center\">Bist du bereit, Blockaden zu l\u00f6sen und das Leben zu kreieren was du dir immer gew\u00fcnscht hast?<\/p>\n\n\n\n<div style=\"height:20px\" aria-hidden=\"true\" class=\"wp-block-spacer\"><\/div>\n\n\n\n<div class=\"wp-block-buttons is-content-justification-center is-layout-flex wp-container-core-buttons-is-layout-16018d1d wp-block-buttons-is-layout-flex\">\n<div class=\"wp-block-button\"><a class=\"wp-block-button__link wp-element-button\" href=\"https:\/\/martina-zimmerbauer.com\/de\/work-with-me\/#thetahealing-sessions\">Buche eine Session<\/a><\/div>\n<\/div>\n\n\n\n<div style=\"height:40px\" aria-hidden=\"true\" class=\"wp-block-spacer\"><\/div>\n\n\n\n<figure class=\"wp-block-pullquote\"><blockquote><p>Verbinde dich mit Allem Was Ist und erlaube dir Wunder zu erleben.<\/p><\/blockquote><\/figure>\n\n\n\n<div style=\"height:20px\" aria-hidden=\"true\" class=\"wp-block-spacer\"><\/div>\n\n\n\n<h2 class=\"wp-block-heading has-text-color\" id=\"topics\" style=\"color:#d7b671\">Kreiere einen positiven Lebenstil<\/h2>\n\n\n\n<p>Mit ThetaHealing kannst du limitierende Glaubenss\u00e4tze aufl\u00f6sen, deine Schwingung erh\u00f6hen und dein Bewusstsein erweitern, um Balance in allen Bereichen deines Lebens zu erschaffen.<\/p>\n\n\n\n<div class=\"wp-block-columns is-layout-flex wp-container-core-columns-is-layout-9d6595d7 wp-block-columns-is-layout-flex\">\n<div class=\"wp-block-column is-layout-flow wp-block-column-is-layout-flow\">\n<h3 class=\"wp-block-heading has-text-color\" style=\"color:#514978\">Spirituelle Entwicklung<\/h3>\n\n\n\n<ul class=\"wp-block-list\">\n<li>Lebe dein volles Seelenpotential<\/li>\n\n\n\n<li>Lebe deine Wahrhaftigkeit<\/li>\n\n\n\n<li>Schreite auf deinem Lebensweg voran<\/li>\n\n\n\n<li>Finde deine Bestimmung<\/li>\n<\/ul>\n\n\n\n<p><\/p>\n<\/div>\n\n\n\n<div class=\"wp-block-column is-layout-flow wp-block-column-is-layout-flow\">\n<h3 class=\"wp-block-heading has-text-color\" style=\"color:#514978\">Pers\u00f6nlichkeitsentwicklung<\/h3>\n\n\n\n<ul class=\"wp-block-list\">\n<li>Entlasse \u00c4ngste, Sorgen, Zweifel, Unsicherheiten und ersetze sie durch Selbstvertrauen und Zuversicht<\/li>\n\n\n\n<li>Befreie dich von Selbstsabotage und entwickle ein neues Gef\u00fchl von Selbstwert<\/li>\n\n\n\n<li>Lasse Selbstkritik los und erlaube mehr Selbstliebe und Selbstmitgef\u00fchl<\/li>\n\n\n\n<li>Transformiere Wut, Groll, Eifersucht in Vergebung<\/li>\n<\/ul>\n<\/div>\n<\/div>\n\n\n\n<div class=\"wp-block-columns is-layout-flex wp-container-core-columns-is-layout-9d6595d7 wp-block-columns-is-layout-flex\">\n<div class=\"wp-block-column is-layout-flow wp-block-column-is-layout-flow\">\n<h3 class=\"wp-block-heading has-text-color\" style=\"color:#514978\">Herausforderungen im Leben<\/h3>\n\n\n\n<ul class=\"wp-block-list\">\n<li>Berufliche Neuausrichtung<\/li>\n\n\n\n<li>Geld- und Erfolgsblockaden<\/li>\n\n\n\n<li>Beziehungsprobleme<\/li>\n\n\n\n<li>\u00c4nderung von Gewohnheiten (zB Ern\u00e4hrung)<\/li>\n<\/ul>\n\n\n\n<p><\/p>\n<\/div>\n\n\n\n<div class=\"wp-block-column is-layout-flow wp-block-column-is-layout-flow\">\n<h3 class=\"wp-block-heading has-text-color\" style=\"color:#514978\">K\u00f6rperliche Gesundheit<\/h3>\n\n\n\n<p>Wissenschaftliche Studien haben gezeigt, dass negative Gedanken und Gef\u00fchle erheblich zu k\u00f6rperlichen Beschwerden beitragen k\u00f6nnen. Die ThetaHealing Technik hilft dir, Stress und k\u00f6rperliche Krankheiten loszulassen und sie durch gesunde Gewohnheiten zu ersetzen.<\/p>\n\n\n\n<p><\/p>\n<\/div>\n<\/div>\n\n\n\n<div style=\"height:20px\" aria-hidden=\"true\" class=\"wp-block-spacer\"><\/div>\n\n\n\n<p class=\"has-text-align-center\">Beginne deine Reise zu mehr Harmonie, Wohlbefinden, Freude und Wohlstand in deinem Leben mit der ThetaHealing Methode!<\/p>\n\n\n\n<div style=\"height:20px\" aria-hidden=\"true\" class=\"wp-block-spacer\"><\/div>\n\n\n\n<div class=\"wp-block-buttons is-content-justification-center is-layout-flex wp-container-core-buttons-is-layout-16018d1d wp-block-buttons-is-layout-flex\">\n<div class=\"wp-block-button\"><a class=\"wp-block-button__link wp-element-button\" href=\"https:\/\/martina-zimmerbauer.com\/de\/work-with-me\/#thetahealing-sessions\">Buchung einer Session<\/a><\/div>\n<\/div>\n\n\n\n<div style=\"height:40px\" aria-hidden=\"true\" class=\"wp-block-spacer\"><\/div>\n\n\n\n<h2 class=\"wp-block-heading has-text-color\" style=\"color:#d7b671\">Die Geschichte von ThetaHealing<\/h2>\n\n\n\n<p>ThetaHealing wurde in den 1990er Jahren von Vianna Stibal, einer Heilpraktikerin aus den USA, entwickelt. Mitte der 20er Jahre erkrankte sie an Krebs und unterst\u00fctzte ihre eigene Heilung durch Meditation und Visualisierung. Bei der Erforschung ihrer Methode entdeckte Vianna die kraftvolle Theta-Gehirnwelle und durch ihre Erfahrung mit Tausenden von Klienten entwickelte sie die ThetaHealing Technik. ThetaHealing\u00ae st\u00fctzt sich auf die neuesten wissenschaftlichen Erkenntnisse der Quantenphysik, Psychoneuroimmunologie, Epigenetik und Zellbiologie.<\/p>\n\n\n\n<p>Heute wird ThetaHealing in \u00fcber 180 L\u00e4ndern weltweit gelehrt und angewendet. Viannas B\u00fccher wurden in 25 Sprachen \u00fcbersetzt. ThetaHealing\u00ae und ThetaHealer\u00ae sind eingetragene Marken des <a href=\"https:\/\/www.thetahealinginstituteofknowledge.com\/\" target=\"_blank\" rel=\"noreferrer noopener\">Think Institute of Knowledge<\/a>.<\/p>\n\n\n\n<div style=\"height:20px\" aria-hidden=\"true\" class=\"wp-block-spacer\"><\/div>\n\n\n\n<p class=\"has-text-align-center\">Beginne noch heute mit mir zu arbeiten, entfalte deine wahres Ich, finde deine Bestimmung und erschaffe ein erf\u00fclltes Leben, das du liebst!<\/p>\n\n\n\n<div style=\"height:20px\" aria-hidden=\"true\" class=\"wp-block-spacer\"><\/div>\n\n\n\n<div class=\"wp-block-buttons is-content-justification-center is-layout-flex wp-container-core-buttons-is-layout-16018d1d wp-block-buttons-is-layout-flex\">\n<div class=\"wp-block-button\"><a class=\"wp-block-button__link wp-element-button\" href=\"https:\/\/martina-zimmerbauer.com\/de\/work-with-me\/#liveyourself-program\">Arbeite mit Mir<\/a><\/div>\n<\/div>\n\n\n\n<div style=\"height:100px\" aria-hidden=\"true\" class=\"wp-block-spacer\"><\/div>\n\n\n\n<p><em>Rechtlicher Hinweis: ThetaHealing\u00ae ist eine spirituelle Heilmethode zur Aktivierung der Selbstheilungskr\u00e4fte. ThetaHealing wird immer in Verbindung mit der Schulmedizin gelehrt. Es ersetzt nicht die Diagnose und Behandlung durch einen Arzt. F\u00fcr eventuelle Folgen der Behandlung wird keine Haftung \u00fcbernommen.<\/em><\/p>\n\n\n\n<div style=\"height:40px\" aria-hidden=\"true\" class=\"wp-block-spacer\"><\/div>","protected":false},"excerpt":{"rendered":"<p>Evolve your body, mind, and spirit ThetaHealing\u00ae is a world-renowed energy healing modality and spiritual<a class=\"read-more\" href=\"https:\/\/martina-zimmerbauer.com\/de\/thetahealing\/\"\/>Continue reading<\/a><\/p>","protected":false},"author":1,"featured_media":3971,"parent":0,"menu_order":0,"comment_status":"closed","ping_status":"closed","template":"page-templates\/template_banner.php","meta":{"footnotes":""},"class_list":["post-587","page","type-page","status-publish","has-post-thumbnail","hentry"],"yoast_head":"<!-- This site is optimized with the Yoast SEO plugin v27.1.1 - https:\/\/yoast.com\/product\/yoast-seo-wordpress\/ -->\n<title>ThetaHealing&reg; - Martina Zimmerbauer<\/title>\n<meta name=\"description\" content=\"ThetaHealing\u00ae is a world-renowed energy healing modality and spiritual philosophy that helps you to evolve your body, mind, and spirit.\" \/>\n<meta name=\"robots\" content=\"index, follow, max-snippet:-1, max-image-preview:large, max-video-preview:-1\" \/>\n<link rel=\"canonical\" href=\"https:\/\/martina-zimmerbauer.com\/de\/thetahealing\/\" \/>\n<meta property=\"og:locale\" content=\"de_DE\" \/>\n<meta property=\"og:type\" content=\"article\" \/>\n<meta property=\"og:title\" content=\"ThetaHealing&reg; - Martina Zimmerbauer\" \/>\n<meta property=\"og:description\" content=\"ThetaHealing\u00ae is a world-renowed energy healing modality and spiritual philosophy that helps you to evolve your body, mind, and spirit.\" \/>\n<meta property=\"og:url\" content=\"https:\/\/martina-zimmerbauer.com\/de\/thetahealing\/\" \/>\n<meta property=\"og:site_name\" content=\"Martina Zimmerbauer\" \/>\n<meta property=\"article:publisher\" content=\"https:\/\/www.facebook.com\/m.zimmerbauer\" \/>\n<meta property=\"article:modified_time\" content=\"2024-02-25T13:05:10+00:00\" \/>\n<meta property=\"og:image\" content=\"https:\/\/martina-zimmerbauer.com\/wp-content\/uploads\/Martina-Zimmerbauer-Theta-Healing.jpg\" \/>\n\t<meta property=\"og:image:width\" content=\"1900\" \/>\n\t<meta property=\"og:image:height\" content=\"1000\" \/>\n\t<meta property=\"og:image:type\" content=\"image\/jpeg\" \/>\n<meta name=\"twitter:card\" content=\"summary_large_image\" \/>\n<script type=\"application\/ld+json\" class=\"yoast-schema-graph\">{\"@context\":\"https:\/\/schema.org\",\"@graph\":[{\"@type\":\"WebPage\",\"@id\":\"https:\/\/martina-zimmerbauer.com\/thetahealing\/\",\"url\":\"https:\/\/martina-zimmerbauer.com\/thetahealing\/\",\"name\":\"ThetaHealing&reg; - Martina Zimmerbauer\",\"isPartOf\":{\"@id\":\"https:\/\/martina-zimmerbauer.com\/#website\"},\"primaryImageOfPage\":{\"@id\":\"https:\/\/martina-zimmerbauer.com\/thetahealing\/#primaryimage\"},\"image\":{\"@id\":\"https:\/\/martina-zimmerbauer.com\/thetahealing\/#primaryimage\"},\"thumbnailUrl\":\"https:\/\/martina-zimmerbauer.com\/wp-content\/uploads\/Martina-Zimmerbauer-Theta-Healing.jpg\",\"datePublished\":\"2020-09-15T08:23:21+00:00\",\"dateModified\":\"2024-02-25T13:05:10+00:00\",\"description\":\"ThetaHealing\u00ae is a world-renowed energy healing modality and spiritual philosophy that helps you to evolve your body, mind, and spirit.\",\"breadcrumb\":{\"@id\":\"https:\/\/martina-zimmerbauer.com\/thetahealing\/#breadcrumb\"},\"inLanguage\":\"de\",\"potentialAction\":[{\"@type\":\"ReadAction\",\"target\":[\"https:\/\/martina-zimmerbauer.com\/thetahealing\/\"]}]},{\"@type\":\"ImageObject\",\"inLanguage\":\"de\",\"@id\":\"https:\/\/martina-zimmerbauer.com\/thetahealing\/#primaryimage\",\"url\":\"https:\/\/martina-zimmerbauer.com\/wp-content\/uploads\/Martina-Zimmerbauer-Theta-Healing.jpg\",\"contentUrl\":\"https:\/\/martina-zimmerbauer.com\/wp-content\/uploads\/Martina-Zimmerbauer-Theta-Healing.jpg\",\"width\":1900,\"height\":1000,\"caption\":\"Evolve your body, mind, and spirit\"},{\"@type\":\"BreadcrumbList\",\"@id\":\"https:\/\/martina-zimmerbauer.com\/thetahealing\/#breadcrumb\",\"itemListElement\":[{\"@type\":\"ListItem\",\"position\":1,\"name\":\"Home\",\"item\":\"https:\/\/martina-zimmerbauer.com\/\"},{\"@type\":\"ListItem\",\"position\":2,\"name\":\"ThetaHealing&reg;\"}]},{\"@type\":\"WebSite\",\"@id\":\"https:\/\/martina-zimmerbauer.com\/#website\",\"url\":\"https:\/\/martina-zimmerbauer.com\/\",\"name\":\"Martina Zimmerbauer\",\"description\":\"Spiritual Coach | Energy Healer\",\"potentialAction\":[{\"@type\":\"SearchAction\",\"target\":{\"@type\":\"EntryPoint\",\"urlTemplate\":\"https:\/\/martina-zimmerbauer.com\/?s={search_term_string}\"},\"query-input\":{\"@type\":\"PropertyValueSpecification\",\"valueRequired\":true,\"valueName\":\"search_term_string\"}}],\"inLanguage\":\"de\"}]}<\/script>\n<!-- \/ Yoast SEO plugin. -->","yoast_head_json":{"title":"ThetaHealing&reg; - Martina Zimmerbauer","description":"ThetaHealing\u00ae is a world-renowed energy healing modality and spiritual philosophy that helps you to evolve your body, mind, and spirit.","robots":{"index":"index","follow":"follow","max-snippet":"max-snippet:-1","max-image-preview":"max-image-preview:large","max-video-preview":"max-video-preview:-1"},"canonical":"https:\/\/martina-zimmerbauer.com\/de\/thetahealing\/","og_locale":"de_DE","og_type":"article","og_title":"ThetaHealing&reg; - Martina Zimmerbauer","og_description":"ThetaHealing\u00ae is a world-renowed energy healing modality and spiritual philosophy that helps you to evolve your body, mind, and spirit.","og_url":"https:\/\/martina-zimmerbauer.com\/de\/thetahealing\/","og_site_name":"Martina Zimmerbauer","article_publisher":"https:\/\/www.facebook.com\/m.zimmerbauer","article_modified_time":"2024-02-25T13:05:10+00:00","og_image":[{"width":1900,"height":1000,"url":"https:\/\/martina-zimmerbauer.com\/wp-content\/uploads\/Martina-Zimmerbauer-Theta-Healing.jpg","type":"image\/jpeg"}],"twitter_card":"summary_large_image","schema":{"@context":"https:\/\/schema.org","@graph":[{"@type":"WebPage","@id":"https:\/\/martina-zimmerbauer.com\/thetahealing\/","url":"https:\/\/martina-zimmerbauer.com\/thetahealing\/","name":"ThetaHealing&reg; - Martina Zimmerbauer","isPartOf":{"@id":"https:\/\/martina-zimmerbauer.com\/#website"},"primaryImageOfPage":{"@id":"https:\/\/martina-zimmerbauer.com\/thetahealing\/#primaryimage"},"image":{"@id":"https:\/\/martina-zimmerbauer.com\/thetahealing\/#primaryimage"},"thumbnailUrl":"https:\/\/martina-zimmerbauer.com\/wp-content\/uploads\/Martina-Zimmerbauer-Theta-Healing.jpg","datePublished":"2020-09-15T08:23:21+00:00","dateModified":"2024-02-25T13:05:10+00:00","description":"ThetaHealing\u00ae is a world-renowed energy healing modality and spiritual philosophy that helps you to evolve your body, mind, and spirit.","breadcrumb":{"@id":"https:\/\/martina-zimmerbauer.com\/thetahealing\/#breadcrumb"},"inLanguage":"de","potentialAction":[{"@type":"ReadAction","target":["https:\/\/martina-zimmerbauer.com\/thetahealing\/"]}]},{"@type":"ImageObject","inLanguage":"de","@id":"https:\/\/martina-zimmerbauer.com\/thetahealing\/#primaryimage","url":"https:\/\/martina-zimmerbauer.com\/wp-content\/uploads\/Martina-Zimmerbauer-Theta-Healing.jpg","contentUrl":"https:\/\/martina-zimmerbauer.com\/wp-content\/uploads\/Martina-Zimmerbauer-Theta-Healing.jpg","width":1900,"height":1000,"caption":"Evolve your body, mind, and spirit"},{"@type":"BreadcrumbList","@id":"https:\/\/martina-zimmerbauer.com\/thetahealing\/#breadcrumb","itemListElement":[{"@type":"ListItem","position":1,"name":"Home","item":"https:\/\/martina-zimmerbauer.com\/"},{"@type":"ListItem","position":2,"name":"ThetaHealing&reg;"}]},{"@type":"WebSite","@id":"https:\/\/martina-zimmerbauer.com\/#website","url":"https:\/\/martina-zimmerbauer.com\/","name":"Martina Zimmerbauer","description":"Spiritual Coach | Energy Healer","potentialAction":[{"@type":"SearchAction","target":{"@type":"EntryPoint","urlTemplate":"https:\/\/martina-zimmerbauer.com\/?s={search_term_string}"},"query-input":{"@type":"PropertyValueSpecification","valueRequired":true,"valueName":"search_term_string"}}],"inLanguage":"de"}]}},"_links":{"self":[{"href":"https:\/\/martina-zimmerbauer.com\/de\/wp-json\/wp\/v2\/pages\/587","targetHints":{"allow":["GET"]}}],"collection":[{"href":"https:\/\/martina-zimmerbauer.com\/de\/wp-json\/wp\/v2\/pages"}],"about":[{"href":"https:\/\/martina-zimmerbauer.com\/de\/wp-json\/wp\/v2\/types\/page"}],"author":[{"embeddable":true,"href":"https:\/\/martina-zimmerbauer.com\/de\/wp-json\/wp\/v2\/users\/1"}],"replies":[{"embeddable":true,"href":"https:\/\/martina-zimmerbauer.com\/de\/wp-json\/wp\/v2\/comments?post=587"}],"version-history":[{"count":211,"href":"https:\/\/martina-zimmerbauer.com\/de\/wp-json\/wp\/v2\/pages\/587\/revisions"}],"predecessor-version":[{"id":4768,"href":"https:\/\/martina-zimmerbauer.com\/de\/wp-json\/wp\/v2\/pages\/587\/revisions\/4768"}],"wp:featuredmedia":[{"embeddable":true,"href":"https:\/\/martina-zimmerbauer.com\/de\/wp-json\/wp\/v2\/media\/3971"}],"wp:attachment":[{"href":"https:\/\/martina-zimmerbauer.com\/de\/wp-json\/wp\/v2\/media?parent=587"}],"curies":[{"name":"wp","href":"https:\/\/api.w.org\/{rel}","templated":true}]}}