{"id":809,"date":"2020-09-16T10:22:36","date_gmt":"2020-09-16T08:22:36","guid":{"rendered":"https:\/\/martina-zimmerbauer.com\/?page_id=809"},"modified":"2025-03-05T08:39:36","modified_gmt":"2025-03-05T13:39:36","slug":"about-me","status":"publish","type":"page","link":"https:\/\/martina-zimmerbauer.com\/de\/about-me\/","title":{"rendered":"\u00dcber mich"},"content":{"rendered":"<h2 class=\"wp-block-heading has-text-align-center has-text-color\" style=\"color:#d7b671\">Hallo, ich bin Martina.<\/h2>\n\n\n\n<div style=\"height:40px\" aria-hidden=\"true\" class=\"wp-block-spacer\"><\/div>\n\n\n\n<p class=\"has-text-align-left\">Ich bin spirituelle Coachin, Energiearbeiterin, zertifizierte ThetaHealing\u00ae-Ausbilderin und Reiki-Praktizierende, Astrologin, Meditations-Enthusiastin, Yogini, Tochter von Pachamama, ein Funke des Universums und unerm\u00fcdliche Sch\u00fclerin des wundersamen Leben als Mensch.<\/p>\n\n\n\n<p class=\"has-text-align-left\">Seit ich mich erinnern kann, habe ich danach gestrebt, das Leben meiner Tr\u00e4ume zu erschaffen, aus meinem vollsten Potential zu sch\u00f6pfen und die Welle der Leichtigkeit, Freude und Erfolg zu reiten. Allerdings war das nicht immer einfach oder hat sich so materialisiert wie ich es mir vorstellte. Oft habe ich hartn\u00e4ckig daran arbeiten m\u00fcssen oder habe mich gef\u00fchlt als w\u00fcrde mich etwas blockieren. Ich habe mir viele Sorgen gemacht und mich ersch\u00f6pft gef\u00fchlt. Manchmal dachte ich die ganze Welt ist gegen mich.<\/p>\n\n\n\n<p class=\"has-text-align-left\">Etwa vor 10 Jahren habe ich angefangen mich f\u00fcr das Potential unserer geistigen F\u00e4higkeiten zu interessieren und wie wir es nutzen k\u00f6nnen, um unser Leben einfacher zu machen. Ich probierte verschiedene Methoden aus und hab schlie\u00dflich zu meditieren angefangen. Schon bald zeigte sich ihre Wirkung und bis heute meditiere ich t\u00e4glich (zweimal). Es hilft mir, vom Alltagsstress abzuschalten, mich zu sammeln, zu zentrieren und meine innere Ruhe zu finden.  <\/p>\n\n\n\n<p class=\"has-text-align-left\">Dennoch hatte ich manchmal das Gef\u00fchl, als ob mich etwas zur\u00fcckh\u00e4lt, mein Leben in vollen Z\u00fcgen zu leben. Und im Jahr 2019, als ich gerade so einen Moment hatte und mir mehr Leichtigkeit w\u00fcnschte, kam auf magische Weise ThetaHealing in mein Leben. Ich war sofort begeistert von der Methode und wie effektiv sie ist. Das Leben kann so einfach und so sch\u00f6n sein.<\/p>\n\n\n\n<p class=\"has-text-align-left\">Ich w\u00fcrde mich freuen, dich dabei zu unterst\u00fctzen, dein Leben zum Besseren zu ver\u00e4ndern, um mehr Harmonie, Freude, Liebe und Erfolg in deinem Leben zu erfahren. Ich spreche Englisch und Deutsch und gebe Einzelsitzungen per Online Video.<\/p>\n\n\n\n<p><\/p>\n\n\n\n<div style=\"height:40px\" aria-hidden=\"true\" class=\"wp-block-spacer\"><\/div>\n\n\n\n<p class=\"has-text-align-center\">Ich freue mich dich kennenzulernen.<\/p>\n\n\n<div class=\"wp-block-image is-style-default\">\n<figure class=\"aligncenter size-full\"><img loading=\"lazy\" decoding=\"async\" width=\"268\" height=\"54\" src=\"https:\/\/martina-zimmerbauer.com\/wp-content\/uploads\/Signature-20px.png\" alt=\"\" class=\"wp-image-3752\" srcset=\"https:\/\/martina-zimmerbauer.com\/wp-content\/uploads\/Signature-20px.png 268w, https:\/\/martina-zimmerbauer.com\/wp-content\/uploads\/Signature-20px-18x4.png 18w\" sizes=\"auto, (max-width: 268px) 100vw, 268px\" \/><\/figure>\n<\/div>\n\n\n<div style=\"height:40px\" aria-hidden=\"true\" class=\"wp-block-spacer\"><\/div>\n\n\n\n<div class=\"wp-block-buttons is-horizontal is-content-justification-center is-layout-flex wp-container-core-buttons-is-layout-499968f5 wp-block-buttons-is-layout-flex\">\n<div class=\"wp-block-button\"><a class=\"wp-block-button__link wp-element-button\" href=\"https:\/\/martina-zimmerbauer.com\/de\/work-with-me\/\">Arbeite mit Mir<\/a><\/div>\n<\/div>\n\n\n\n<div style=\"height:100px\" aria-hidden=\"true\" class=\"wp-block-spacer\"><\/div>\n\n\n\n<h2 class=\"wp-block-heading has-text-align-center has-text-color\" style=\"color:#d7b671\">Qualifikationen<\/h2>\n\n\n\n<div style=\"height:20px\" aria-hidden=\"true\" class=\"wp-block-spacer\"><\/div>\n\n\n\n<h3 class=\"wp-block-heading has-text-align-center\"> ThetaHealing\u00ae Ausbildnerin <\/h3>\n\n\n\n<p class=\"has-text-align-center\">Basis DNA (Vienna Stibal, Think Institute of Knowledge\u00ae, Montana)<\/p>\n\n\n\n<p><\/p>\n\n\n\n<h3 class=\"wp-block-heading has-text-align-center\">ThetaHealing\u00ae Praktizierende<\/h3>\n\n\n\n<p class=\"has-text-align-center\">Basis DNA, Aufbau DNA, Grabe Tiefer (PureTheta, Berlin)<br>Du &amp; Sch\u00f6pfung, Du &amp; Dein Innerer Kreis<br>Intuitive Anatomie (Susanne Schmid, Wien)<\/p>\n\n\n\n<div style=\"height:20px\" aria-hidden=\"true\" class=\"wp-block-spacer\"><\/div>\n\n\n\n<h3 class=\"wp-block-heading has-text-align-center\">Astrologie<\/h3>\n\n\n\n<p class=\"has-text-align-center\">Psychologische Astrologie (Center for Psychological Astrology, London)<\/p>\n\n\n\n<div style=\"height:20px\" aria-hidden=\"true\" class=\"wp-block-spacer\"><\/div>\n\n\n\n<h3 class=\"wp-block-heading has-text-align-center\">Medialit\u00e4t<\/h3>\n\n\n\n<p class=\"has-text-align-center\">Trance Basis (Birgit Fischer, \u00d6sterreich)<\/p>\n\n\n\n<p><\/p>\n\n\n\n<h3 class=\"wp-block-heading has-text-align-center\"> Reiki <\/h3>\n\n\n\n<p class=\"has-text-align-center\">Reiki Level I (Andrea Stella, Usui Shiki Ryoho, Panama City)<\/p>\n\n\n\n<div style=\"height:20px\" aria-hidden=\"true\" class=\"wp-block-spacer\"><\/div>\n\n\n\n<h3 class=\"wp-block-heading has-text-align-center\">Ashtanga Yoga Intensivkurs II f\u00fcr Lehrer<\/h3>\n\n\n\n<p class=\"has-text-align-center\">Vedische Yoga Philosophien, Kundalini, Chakras, Pranayama, Tantra (Velez Yoga, Dharma Ashtanga Yoga Center, Panama City) <\/p>\n\n\n\n<p><\/p>\n\n\n\n<h3 class=\"wp-block-heading has-text-align-center\">Ashtanga Yoga Intensivkurs I f\u00fcr Praktizierende<\/h3>\n\n\n\n<p class=\"has-text-align-center\">Ashtanga &amp; Hatha Yoga Philosophie, Yoga Geschichte, Asanas Erste Serie, Yoga Anatomie, Ayurveda, Meditation (Velez Yoga, Dharma Ashtanga Yoga Center, Panama City)<\/p>\n\n\n\n<div style=\"height:20px\" aria-hidden=\"true\" class=\"wp-block-spacer\"><\/div>\n\n\n\n<h3 class=\"wp-block-heading has-text-align-center\">Weitere Berufserfahrung<\/h3>\n\n\n\n<p class=\"has-text-align-center\">Selbst\u00e4ndige Unternehmensberaterin f\u00fcr Technologieunternehmen, Gr\u00fcnderin eines nachhaltigen Bademodenlabels, Management Consultant bei einem internationalen Beratungsunternehmen<\/p>\n\n\n\n<div style=\"height:20px\" aria-hidden=\"true\" class=\"wp-block-spacer\"><\/div>\n\n\n\n<h3 class=\"wp-block-heading has-text-align-center\">Universit\u00e4tsabschluss<\/h3>\n\n\n\n<p class=\"has-text-align-center\">Mag. Betriebswirtschaft (Strategie), WU Wien<br>Mag. Wirtschaft und Recht (Finance), WU Wien<br><\/p>\n\n\n\n<p><\/p>","protected":false},"excerpt":{"rendered":"<p>Hi, I am Martina. I am a Spiritual Coach, Energy Healer, certified ThetaHealing\u00ae instructor and<a class=\"read-more\" href=\"https:\/\/martina-zimmerbauer.com\/de\/about-me\/\"\/>Continue reading<\/a><\/p>","protected":false},"author":1,"featured_media":3975,"parent":0,"menu_order":0,"comment_status":"closed","ping_status":"closed","template":"page-templates\/template_banner.php","meta":{"footnotes":""},"class_list":["post-809","page","type-page","status-publish","has-post-thumbnail","hentry"],"yoast_head":"<!-- This site is optimized with the Yoast SEO plugin v27.1.1 - https:\/\/yoast.com\/product\/yoast-seo-wordpress\/ -->\n<title>About Me - Martina Zimmerbauer<\/title>\n<meta name=\"description\" content=\"I am a Spiritual Coach, Energy Healer, ThetaHealing\u00ae instructor, Meditation enthusiast, Yogini, and an avid student of this humankind of life.\" \/>\n<meta name=\"robots\" content=\"index, follow, max-snippet:-1, max-image-preview:large, max-video-preview:-1\" \/>\n<link rel=\"canonical\" href=\"https:\/\/martina-zimmerbauer.com\/de\/about-me\/\" \/>\n<meta property=\"og:locale\" content=\"de_DE\" \/>\n<meta property=\"og:type\" content=\"article\" \/>\n<meta property=\"og:title\" content=\"About Me - Martina Zimmerbauer\" \/>\n<meta property=\"og:description\" content=\"I am a Spiritual Coach, Energy Healer, ThetaHealing\u00ae instructor, Meditation enthusiast, Yogini, and an avid student of this humankind of life.\" \/>\n<meta property=\"og:url\" content=\"https:\/\/martina-zimmerbauer.com\/de\/about-me\/\" \/>\n<meta property=\"og:site_name\" content=\"Martina Zimmerbauer\" \/>\n<meta property=\"article:publisher\" content=\"https:\/\/www.facebook.com\/m.zimmerbauer\" \/>\n<meta property=\"article:modified_time\" content=\"2025-03-05T13:39:36+00:00\" \/>\n<meta property=\"og:image\" content=\"https:\/\/martina-zimmerbauer.com\/wp-content\/uploads\/Martina-Zimmerbauer-Spiritual-Coaching-ThetaHealing.jpeg\" \/>\n\t<meta property=\"og:image:width\" content=\"1953\" \/>\n\t<meta property=\"og:image:height\" content=\"1000\" \/>\n\t<meta property=\"og:image:type\" content=\"image\/jpeg\" \/>\n<meta name=\"twitter:card\" content=\"summary_large_image\" \/>\n<script type=\"application\/ld+json\" class=\"yoast-schema-graph\">{\"@context\":\"https:\/\/schema.org\",\"@graph\":[{\"@type\":\"WebPage\",\"@id\":\"https:\/\/martina-zimmerbauer.com\/about-me\/\",\"url\":\"https:\/\/martina-zimmerbauer.com\/about-me\/\",\"name\":\"About Me - Martina Zimmerbauer\",\"isPartOf\":{\"@id\":\"https:\/\/martina-zimmerbauer.com\/#website\"},\"primaryImageOfPage\":{\"@id\":\"https:\/\/martina-zimmerbauer.com\/about-me\/#primaryimage\"},\"image\":{\"@id\":\"https:\/\/martina-zimmerbauer.com\/about-me\/#primaryimage\"},\"thumbnailUrl\":\"https:\/\/martina-zimmerbauer.com\/wp-content\/uploads\/Martina-Zimmerbauer-Spiritual-Coaching-ThetaHealing.jpeg\",\"datePublished\":\"2020-09-16T08:22:36+00:00\",\"dateModified\":\"2025-03-05T13:39:36+00:00\",\"description\":\"I am a Spiritual Coach, Energy Healer, ThetaHealing\u00ae instructor, Meditation enthusiast, Yogini, and an avid student of this humankind of life.\",\"breadcrumb\":{\"@id\":\"https:\/\/martina-zimmerbauer.com\/about-me\/#breadcrumb\"},\"inLanguage\":\"de\",\"potentialAction\":[{\"@type\":\"ReadAction\",\"target\":[\"https:\/\/martina-zimmerbauer.com\/about-me\/\"]}]},{\"@type\":\"ImageObject\",\"inLanguage\":\"de\",\"@id\":\"https:\/\/martina-zimmerbauer.com\/about-me\/#primaryimage\",\"url\":\"https:\/\/martina-zimmerbauer.com\/wp-content\/uploads\/Martina-Zimmerbauer-Spiritual-Coaching-ThetaHealing.jpeg\",\"contentUrl\":\"https:\/\/martina-zimmerbauer.com\/wp-content\/uploads\/Martina-Zimmerbauer-Spiritual-Coaching-ThetaHealing.jpeg\",\"width\":1953,\"height\":1000,\"caption\":\"About Me\"},{\"@type\":\"BreadcrumbList\",\"@id\":\"https:\/\/martina-zimmerbauer.com\/about-me\/#breadcrumb\",\"itemListElement\":[{\"@type\":\"ListItem\",\"position\":1,\"name\":\"Home\",\"item\":\"https:\/\/martina-zimmerbauer.com\/\"},{\"@type\":\"ListItem\",\"position\":2,\"name\":\"About Me\"}]},{\"@type\":\"WebSite\",\"@id\":\"https:\/\/martina-zimmerbauer.com\/#website\",\"url\":\"https:\/\/martina-zimmerbauer.com\/\",\"name\":\"Martina Zimmerbauer\",\"description\":\"Spiritual Coach | Energy Healer\",\"potentialAction\":[{\"@type\":\"SearchAction\",\"target\":{\"@type\":\"EntryPoint\",\"urlTemplate\":\"https:\/\/martina-zimmerbauer.com\/?s={search_term_string}\"},\"query-input\":{\"@type\":\"PropertyValueSpecification\",\"valueRequired\":true,\"valueName\":\"search_term_string\"}}],\"inLanguage\":\"de\"}]}<\/script>\n<!-- \/ Yoast SEO plugin. -->","yoast_head_json":{"title":"About Me - Martina Zimmerbauer","description":"I am a Spiritual Coach, Energy Healer, ThetaHealing\u00ae instructor, Meditation enthusiast, Yogini, and an avid student of this humankind of life.","robots":{"index":"index","follow":"follow","max-snippet":"max-snippet:-1","max-image-preview":"max-image-preview:large","max-video-preview":"max-video-preview:-1"},"canonical":"https:\/\/martina-zimmerbauer.com\/de\/about-me\/","og_locale":"de_DE","og_type":"article","og_title":"About Me - Martina Zimmerbauer","og_description":"I am a Spiritual Coach, Energy Healer, ThetaHealing\u00ae instructor, Meditation enthusiast, Yogini, and an avid student of this humankind of life.","og_url":"https:\/\/martina-zimmerbauer.com\/de\/about-me\/","og_site_name":"Martina Zimmerbauer","article_publisher":"https:\/\/www.facebook.com\/m.zimmerbauer","article_modified_time":"2025-03-05T13:39:36+00:00","og_image":[{"width":1953,"height":1000,"url":"https:\/\/martina-zimmerbauer.com\/wp-content\/uploads\/Martina-Zimmerbauer-Spiritual-Coaching-ThetaHealing.jpeg","type":"image\/jpeg"}],"twitter_card":"summary_large_image","schema":{"@context":"https:\/\/schema.org","@graph":[{"@type":"WebPage","@id":"https:\/\/martina-zimmerbauer.com\/about-me\/","url":"https:\/\/martina-zimmerbauer.com\/about-me\/","name":"About Me - Martina Zimmerbauer","isPartOf":{"@id":"https:\/\/martina-zimmerbauer.com\/#website"},"primaryImageOfPage":{"@id":"https:\/\/martina-zimmerbauer.com\/about-me\/#primaryimage"},"image":{"@id":"https:\/\/martina-zimmerbauer.com\/about-me\/#primaryimage"},"thumbnailUrl":"https:\/\/martina-zimmerbauer.com\/wp-content\/uploads\/Martina-Zimmerbauer-Spiritual-Coaching-ThetaHealing.jpeg","datePublished":"2020-09-16T08:22:36+00:00","dateModified":"2025-03-05T13:39:36+00:00","description":"I am a Spiritual Coach, Energy Healer, ThetaHealing\u00ae instructor, Meditation enthusiast, Yogini, and an avid student of this humankind of life.","breadcrumb":{"@id":"https:\/\/martina-zimmerbauer.com\/about-me\/#breadcrumb"},"inLanguage":"de","potentialAction":[{"@type":"ReadAction","target":["https:\/\/martina-zimmerbauer.com\/about-me\/"]}]},{"@type":"ImageObject","inLanguage":"de","@id":"https:\/\/martina-zimmerbauer.com\/about-me\/#primaryimage","url":"https:\/\/martina-zimmerbauer.com\/wp-content\/uploads\/Martina-Zimmerbauer-Spiritual-Coaching-ThetaHealing.jpeg","contentUrl":"https:\/\/martina-zimmerbauer.com\/wp-content\/uploads\/Martina-Zimmerbauer-Spiritual-Coaching-ThetaHealing.jpeg","width":1953,"height":1000,"caption":"About Me"},{"@type":"BreadcrumbList","@id":"https:\/\/martina-zimmerbauer.com\/about-me\/#breadcrumb","itemListElement":[{"@type":"ListItem","position":1,"name":"Home","item":"https:\/\/martina-zimmerbauer.com\/"},{"@type":"ListItem","position":2,"name":"About Me"}]},{"@type":"WebSite","@id":"https:\/\/martina-zimmerbauer.com\/#website","url":"https:\/\/martina-zimmerbauer.com\/","name":"Martina Zimmerbauer","description":"Spiritual Coach | Energy Healer","potentialAction":[{"@type":"SearchAction","target":{"@type":"EntryPoint","urlTemplate":"https:\/\/martina-zimmerbauer.com\/?s={search_term_string}"},"query-input":{"@type":"PropertyValueSpecification","valueRequired":true,"valueName":"search_term_string"}}],"inLanguage":"de"}]}},"_links":{"self":[{"href":"https:\/\/martina-zimmerbauer.com\/de\/wp-json\/wp\/v2\/pages\/809","targetHints":{"allow":["GET"]}}],"collection":[{"href":"https:\/\/martina-zimmerbauer.com\/de\/wp-json\/wp\/v2\/pages"}],"about":[{"href":"https:\/\/martina-zimmerbauer.com\/de\/wp-json\/wp\/v2\/types\/page"}],"author":[{"embeddable":true,"href":"https:\/\/martina-zimmerbauer.com\/de\/wp-json\/wp\/v2\/users\/1"}],"replies":[{"embeddable":true,"href":"https:\/\/martina-zimmerbauer.com\/de\/wp-json\/wp\/v2\/comments?post=809"}],"version-history":[{"count":132,"href":"https:\/\/martina-zimmerbauer.com\/de\/wp-json\/wp\/v2\/pages\/809\/revisions"}],"predecessor-version":[{"id":4830,"href":"https:\/\/martina-zimmerbauer.com\/de\/wp-json\/wp\/v2\/pages\/809\/revisions\/4830"}],"wp:featuredmedia":[{"embeddable":true,"href":"https:\/\/martina-zimmerbauer.com\/de\/wp-json\/wp\/v2\/media\/3975"}],"wp:attachment":[{"href":"https:\/\/martina-zimmerbauer.com\/de\/wp-json\/wp\/v2\/media?parent=809"}],"curies":[{"name":"wp","href":"https:\/\/api.w.org\/{rel}","templated":true}]}}